{"id":3130,"date":"2024-04-23T02:36:16","date_gmt":"2024-04-23T02:36:16","guid":{"rendered":"https:\/\/ewisee.eu\/interrogazione\/"},"modified":"2024-08-28T00:49:35","modified_gmt":"2024-08-28T00:49:35","slug":"questioning","status":"publish","type":"page","link":"https:\/\/ewisee.eu\/it\/questioning\/","title":{"rendered":"Questioning"},"content":{"rendered":"\n<p><span style=\"background-color: rgb(255, 255, 255);\">Si tratta di persone che stanno esplorando il proprio orientamento sessuale e\/o la propria identit\u00e0 ed espressione di genere.<\/span><em> &#8220;La cosa pi\u00f9 semplice da cui partire \u00e8 che si tratta di un viaggio, di pensieri che possono iniziare a qualsiasi et\u00e0. Perch\u00e9 io faccio fatica a capire cosa sono. Perch\u00e9 mio fratello, per esempio, dovrebbe sapere chi \u00e8 e rendergli le cose facili? Perch\u00e9 dovrei affrontare tutto questo? Quindi, si inizia con pensieri &#8220;semplici&#8221;, &#8220;innocenti&#8221; e tutto si evolve. E lentamente si arriva al fatto che ci\u00f2 che mi \u00e8 stato dato quando sono nato non rappresenta chi sono e chi voglio essere. \u00c8 un lungo viaggio che parte da tutti gli aspetti della vita e finisce per tornare a ci\u00f2 che sono. La domanda fondamentale intorno a tutto questo \u00e8 &#8220;Cosa sono?&#8221; e &#8220;Cosa voglio essere?&#8221;. \u00c8 una cosa personale&#8221;.<\/em><\/p>\n\n\n\n<p><strong>Risorse:<\/strong><\/p>\n\n\n\n<ul class=\"wp-block-list\">\n<li><a href=\"https:\/\/uwm.edu\/lgbtrc\/support\/questioning\/\" target=\"_blank\" rel=\"noreferrer noopener\"><strong>Questioning &#8211; Centro di ricerca LGBTQ+ Universit\u00e0 del Wisconsin Milwaukee<\/strong><\/a><\/li>\n<\/ul>\n\n\n\n<div style=\"height:30px\" aria-hidden=\"true\" class=\"wp-block-spacer\"><\/div>\n\n\n<a target=\"_self\" class=\"button small grey\" href=\"\/it\/termini-legati-al-sesso\/\">Indietro<\/a>\n","protected":false},"excerpt":{"rendered":"<p>Si tratta di persone che stanno esplorando il proprio orientamento sessuale e\/o la propria identit\u00e0 ed espressione di genere. &#8220;La cosa pi\u00f9 semplice da cui partire \u00e8 che si tratta di un viaggio, di pensieri che possono iniziare a qualsiasi et\u00e0. Perch\u00e9 io faccio fatica a capire cosa sono. Perch\u00e9 mio fratello, per esempio, dovrebbe&#8230;<\/p>\n","protected":false},"author":6,"featured_media":0,"parent":0,"menu_order":0,"comment_status":"closed","ping_status":"closed","template":"t-team.php","meta":{"footnotes":""},"class_list":["post-3130","page","type-page","status-publish","hentry"],"jetpack_sharing_enabled":true,"jetpack-related-posts":[],"_links":{"self":[{"href":"https:\/\/ewisee.eu\/it\/wp-json\/wp\/v2\/pages\/3130","targetHints":{"allow":["GET"]}}],"collection":[{"href":"https:\/\/ewisee.eu\/it\/wp-json\/wp\/v2\/pages"}],"about":[{"href":"https:\/\/ewisee.eu\/it\/wp-json\/wp\/v2\/types\/page"}],"author":[{"embeddable":true,"href":"https:\/\/ewisee.eu\/it\/wp-json\/wp\/v2\/users\/6"}],"replies":[{"embeddable":true,"href":"https:\/\/ewisee.eu\/it\/wp-json\/wp\/v2\/comments?post=3130"}],"version-history":[{"count":4,"href":"https:\/\/ewisee.eu\/it\/wp-json\/wp\/v2\/pages\/3130\/revisions"}],"predecessor-version":[{"id":3134,"href":"https:\/\/ewisee.eu\/it\/wp-json\/wp\/v2\/pages\/3130\/revisions\/3134"}],"wp:attachment":[{"href":"https:\/\/ewisee.eu\/it\/wp-json\/wp\/v2\/media?parent=3130"}],"curies":[{"name":"wp","href":"https:\/\/api.w.org\/{rel}","templated":true}]}}