{"id":3147,"date":"2024-04-23T02:44:58","date_gmt":"2024-04-23T02:44:58","guid":{"rendered":"https:\/\/ewisee.eu\/identita-sessuale\/"},"modified":"2024-08-28T03:15:22","modified_gmt":"2024-08-28T03:15:22","slug":"identita-sessuale","status":"publish","type":"page","link":"https:\/\/ewisee.eu\/it\/identita-sessuale\/","title":{"rendered":"Identit\u00e0 sessuale"},"content":{"rendered":"\n<p>L&#8217;identit\u00e0 di una persona si basa sulla comprensione e\/o sulla capacit\u00e0 di esprimere all&#8217;esterno il proprio orientamento sessuale e\/o la propria identit\u00e0 di genere. L&#8217;identit\u00e0 sessuale si evolve attraverso un processo di sviluppo che varia a seconda dell&#8217;individuo. Questioni come la religione, la cultura, i valori della famiglia, ecc. possono influenzare l&#8217;identit\u00e0 sessuale di una persona. Nessun altro pu\u00f2 stabilire quale sia l&#8217;identit\u00e0 sessuale di una persona; solo l&#8217;individuo pu\u00f2 decidere quale sia l&#8217;identit\u00e0 giusta per lui.    <\/p>\n\n\n\n<p>&#8220;<em>\u00c8 qualcosa di pi\u00f9 solido. \u00c8 qualcosa di pi\u00f9 definito, forse un quadro pi\u00f9 ristretto. Pi\u00f9 specifico, in realt\u00e0. Si potrebbe dire che non c&#8217;\u00e8 la nozione di fluidit\u00e0 all&#8217;interno del termine, perch\u00e9 \u00e8 quello che \u00e8&#8221;.   <\/em><\/p>\n\n\n\n<p>(Controlla anche i seguenti termini: <a href=\"https:\/\/ewisee.eu\/sexual-orientation\/\">Orientamento sessuale<\/a>, <a href=\"https:\/\/ewisee.eu\/sexuality\/\">Sessualit\u00e0<\/a>)<\/p>\n\n\n\n<p><strong>Risorse:<\/strong><\/p>\n\n\n\n<ul class=\"wp-block-list\">\n<li><a href=\"https:\/\/youtu.be\/LvJETydN8Vc?feature=shared\" target=\"_blank\" rel=\"noreferrer noopener\"><strong>Orientamento sessuale, comportamento e identit\u00e0<\/strong><\/a><strong> <\/strong><\/li>\n\n\n\n<li><a href=\"https:\/\/kidshelpline.com.au\/teens\/issues\/sexual-identity\" target=\"_blank\" rel=\"noreferrer noopener\"><strong>Identit\u00e0 sessuale &#8211; Linea di aiuto per bambini<\/strong><\/a><\/li>\n\n\n\n<li><a href=\"https:\/\/youtu.be\/AHOwd_vish4?feature=shared\" target=\"_blank\" rel=\"noreferrer noopener\"><strong>Che differenza c\u2019\u00e8 tra sesso, genere e orientamento sessuale? | Lo Spiegone <\/strong><\/a><\/li>\n<\/ul>\n\n\n\n<div style=\"height:30px\" aria-hidden=\"true\" class=\"wp-block-spacer\"><\/div>\n\n\n<a target=\"_self\" class=\"button small grey\" href=\"\/it\/termini-legati-al-sesso\/\">Indietro<\/a>\n","protected":false},"excerpt":{"rendered":"<p>L&#8217;identit\u00e0 di una persona si basa sulla comprensione e\/o sulla capacit\u00e0 di esprimere all&#8217;esterno il proprio orientamento sessuale e\/o la propria identit\u00e0 di genere. L&#8217;identit\u00e0 sessuale si evolve attraverso un processo di sviluppo che varia a seconda dell&#8217;individuo. Questioni come la religione, la cultura, i valori della famiglia, ecc. possono influenzare l&#8217;identit\u00e0 sessuale di una&#8230;<\/p>\n","protected":false},"author":6,"featured_media":0,"parent":0,"menu_order":0,"comment_status":"closed","ping_status":"closed","template":"t-team.php","meta":{"footnotes":""},"class_list":["post-3147","page","type-page","status-publish","hentry"],"jetpack_sharing_enabled":true,"jetpack-related-posts":[],"_links":{"self":[{"href":"https:\/\/ewisee.eu\/it\/wp-json\/wp\/v2\/pages\/3147","targetHints":{"allow":["GET"]}}],"collection":[{"href":"https:\/\/ewisee.eu\/it\/wp-json\/wp\/v2\/pages"}],"about":[{"href":"https:\/\/ewisee.eu\/it\/wp-json\/wp\/v2\/types\/page"}],"author":[{"embeddable":true,"href":"https:\/\/ewisee.eu\/it\/wp-json\/wp\/v2\/users\/6"}],"replies":[{"embeddable":true,"href":"https:\/\/ewisee.eu\/it\/wp-json\/wp\/v2\/comments?post=3147"}],"version-history":[{"count":4,"href":"https:\/\/ewisee.eu\/it\/wp-json\/wp\/v2\/pages\/3147\/revisions"}],"predecessor-version":[{"id":3151,"href":"https:\/\/ewisee.eu\/it\/wp-json\/wp\/v2\/pages\/3147\/revisions\/3151"}],"wp:attachment":[{"href":"https:\/\/ewisee.eu\/it\/wp-json\/wp\/v2\/media?parent=3147"}],"curies":[{"name":"wp","href":"https:\/\/api.w.org\/{rel}","templated":true}]}}