{"id":3153,"date":"2024-04-23T02:48:12","date_gmt":"2024-04-23T02:48:12","guid":{"rendered":"https:\/\/ewisee.eu\/orientamento-sessuale\/"},"modified":"2024-08-28T03:21:42","modified_gmt":"2024-08-28T03:21:42","slug":"orientamento-sessuale","status":"publish","type":"page","link":"https:\/\/ewisee.eu\/it\/orientamento-sessuale\/","title":{"rendered":"Orientamento sessuale"},"content":{"rendered":"\n<p>Attrazione romantica, emotiva e\/o sessuale di una persona verso gli altri. Gli orientamenti sessuali includono, ma non si limitano a, asessuali, bisessuali, gay, eterosessuali, lesbiche, pansessuali e queer.  <\/p>\n\n\n\n<p><em>&#8220;Nell&#8217;orientamento sessuale c&#8217;\u00e8 la cornice e la flessibilit\u00e0 per esplorare. \u00c8 pi\u00f9 aperto, s\u00ec. \u00c8 anche pi\u00f9 generale. Qui c&#8217;\u00e8 latitudine e libert\u00e0. L&#8217;orientamento non indica nulla di specifico. \u00c8 pi\u00f9 fluido. Il sesso riguarda gli altri. Con l&#8217;attrazione, se c&#8217;\u00e8 o non c&#8217;\u00e8, per qualcosa di specifico o non specifico. Inoltre, o \u00e8 completamente chiaro per una persona o non lo \u00e8 affatto. Penso che tutto inizi quando pensiamo alla terminologia del sesso e al motivo per cui viene usata. D\u00e0 molte risposte a queste cose. Il fatto che usiamo il termine sesso per parlare dell&#8217;atto sessuale ha a che fare con la mia attrazione per le tue caratteristiche biologiche. La sessualit\u00e0 riguarda chiaramente l&#8217;attrazione. L&#8217;orientamento \u00e8 qualcosa che ci rimane impresso perch\u00e9 ci identifichiamo come gay, lesbiche, altro o etero. Quindi, diciamo subito che \u00e8 un viaggio continuo di scoperta, di esplorazione dei confini, di se stessi. Cosa ci piace e cosa non ci piace. E nulla \u00e8 dato per scontato in questo viaggio&#8221;.<\/em><\/p>\n\n\n\n<p>(Si vedano anche i seguenti termini: <a href=\"https:\/\/ewisee.eu\/it\/asessuale-asessualita\/\">Asessuale<\/a>, <a href=\"https:\/\/ewisee.eu\/it\/bisessuale\/\">bisessuale<\/a>, <a href=\"https:\/\/ewisee.eu\/it\/gay\/\">gay<\/a>, <a href=\"https:\/\/ewisee.eu\/it\/eterosessuale\/\" data-type=\"link\" data-id=\"https:\/\/ewisee.eu\/heterosexual\/\">eterosessuale<\/a>, <a href=\"https:\/\/ewisee.eu\/it\/lesbica\/\" data-type=\"link\" data-id=\"https:\/\/ewisee.eu\/lesbian\/\">lesbica<\/a>, <a href=\"https:\/\/ewisee.eu\/it\/pansessuale\/\" data-type=\"link\" data-id=\"https:\/\/ewisee.eu\/pansexual\/\">pansessuale<\/a> e <a href=\"https:\/\/ewisee.eu\/it\/queer\/\">queer<\/a>). <\/p>\n\n\n\n<p><strong>Risorse:<\/strong><\/p>\n\n\n\n<ul class=\"wp-block-list\">\n<li><a href=\"https:\/\/youtu.be\/XN-wD8O9tRI?feature=shared\" target=\"_blank\" rel=\"noreferrer noopener\"><strong>Sesso, genere o orientamento<\/strong><\/a><strong> <\/strong><\/li>\n\n\n\n<li><a href=\"https:\/\/youtu.be\/xCMmZUu07IQ?feature=shared\" target=\"_blank\" rel=\"noreferrer noopener\"><strong>Orientamento sessuale e identit\u00e0 di genere<\/strong><\/a><\/li>\n\n\n\n<li><a href=\"https:\/\/kidshealth.org\/en\/teens\/sexual-orientation.html\" target=\"_blank\" rel=\"noreferrer noopener\"><strong>Orientamento sessuale (per adolescenti) \u2013 KidsHealthOrg<\/strong><\/a><\/li>\n\n\n\n<li><a href=\"https:\/\/kidshealth.org\/en\/parents\/sexual-orientation.html\" target=\"_blank\" rel=\"noreferrer noopener\"><strong>Orientamento sessuale (per genitori) \u2013 KidsHealthOrg<\/strong><\/a><\/li>\n<\/ul>\n\n\n\n<div style=\"height:31px\" aria-hidden=\"true\" class=\"wp-block-spacer\"><\/div>\n\n\n<a target=\"_self\" class=\"button small grey\" href=\"\/it\/termini-legati-al-sesso\/\">Indietro<\/a>\n","protected":false},"excerpt":{"rendered":"<p>Attrazione romantica, emotiva e\/o sessuale di una persona verso gli altri. Gli orientamenti sessuali includono, ma non si limitano a, asessuali, bisessuali, gay, eterosessuali, lesbiche, pansessuali e queer. &#8220;Nell&#8217;orientamento sessuale c&#8217;\u00e8 la cornice e la flessibilit\u00e0 per esplorare. \u00c8 pi\u00f9 aperto, s\u00ec. \u00c8 anche pi\u00f9 generale. Qui c&#8217;\u00e8 latitudine e libert\u00e0. L&#8217;orientamento non indica nulla&#8230;<\/p>\n","protected":false},"author":6,"featured_media":0,"parent":0,"menu_order":0,"comment_status":"closed","ping_status":"closed","template":"t-team.php","meta":{"footnotes":""},"class_list":["post-3153","page","type-page","status-publish","hentry"],"jetpack_sharing_enabled":true,"jetpack-related-posts":[],"_links":{"self":[{"href":"https:\/\/ewisee.eu\/it\/wp-json\/wp\/v2\/pages\/3153","targetHints":{"allow":["GET"]}}],"collection":[{"href":"https:\/\/ewisee.eu\/it\/wp-json\/wp\/v2\/pages"}],"about":[{"href":"https:\/\/ewisee.eu\/it\/wp-json\/wp\/v2\/types\/page"}],"author":[{"embeddable":true,"href":"https:\/\/ewisee.eu\/it\/wp-json\/wp\/v2\/users\/6"}],"replies":[{"embeddable":true,"href":"https:\/\/ewisee.eu\/it\/wp-json\/wp\/v2\/comments?post=3153"}],"version-history":[{"count":4,"href":"https:\/\/ewisee.eu\/it\/wp-json\/wp\/v2\/pages\/3153\/revisions"}],"predecessor-version":[{"id":3157,"href":"https:\/\/ewisee.eu\/it\/wp-json\/wp\/v2\/pages\/3153\/revisions\/3157"}],"wp:attachment":[{"href":"https:\/\/ewisee.eu\/it\/wp-json\/wp\/v2\/media?parent=3153"}],"curies":[{"name":"wp","href":"https:\/\/api.w.org\/{rel}","templated":true}]}}