{"id":3171,"date":"2024-04-23T03:04:33","date_gmt":"2024-04-23T03:04:33","guid":{"rendered":"https:\/\/ewisee.eu\/hiv-aids\/"},"modified":"2024-08-28T04:24:20","modified_gmt":"2024-08-28T04:24:20","slug":"hiv-aids","status":"publish","type":"page","link":"https:\/\/ewisee.eu\/it\/hiv-aids\/","title":{"rendered":"HIV\/AIDS"},"content":{"rendered":"\n<p>L&#8217;HIV (virus dell&#8217;immunodeficienza umana) \u00e8 un virus che attacca il sistema immunitario dell&#8217;organismo. Se non viene trattato, l&#8217;HIV pu\u00f2 portare all&#8217;AIDS (sindrome da immunodeficienza acquisita). <\/p>\n\n\n\n<p><em>L&#8217;HIV non si trasmette solo attraverso il contatto sessuale.<\/em><\/p>\n\n\n\n<p><em>Lo prendiamo dalle siringhe, dallo scambio di fluidi corporei, dal sesso, dalle ferite aperte. Non con gli abbracci, il respiro, ecc. Risponder\u00f2 alla frase: &#8220;Sono etero, quindi non posso prendere l&#8217;HIV&#8221;. Il virus non dir\u00e0 &#8220;Oh sei etero, non ti infetter\u00f2&#8221;. Statisticamente, pu\u00f2 essere vero che gli etero hanno contratto l&#8217;HIV a un tasso inferiore perch\u00e9 si tratta di un virus che si \u00e8 concentrato sulla comunit\u00e0 LGBTQ+ insieme al consumo di droga. Quindi, si \u00e8 trattato di una combinazione di questi fattori. Anche le donne incinte hanno l&#8217;HIV. Non ha nulla a che fare con la sessualit\u00e0, perch\u00e9 il virus non sceglie a chi rivolgersi e a chi non rivolgersi. \u00c8 solo un&#8217;altra ragione per stigmatizzare la comunit\u00e0 LGBTQ+ a causa dei tassi e delle diverse interpretazioni della situazione. L&#8217;HIV ha fatto la sua comparsa nei primi anni &#8217;80, giusto? L&#8217;uso di precauzioni non era diffuso, tanto meno nella comunit\u00e0 LGBTQ+.         <\/em><\/p>\n\n\n\n<p><em>E in condizioni di oppressione e paura. Non prendetela troppo sul serio, nel senso che la comunit\u00e0 vive oppressa e lotta per avere un partner, delle relazioni e una vita &#8220;normale&#8221; nella sfera pubblica. Questa oppressione crea una passione e un bisogno di attivit\u00e0 emotiva e, per estensione, sessuale. E non dimentichiamo che non c&#8217;erano nemmeno informazioni o campioni. E anche la prevenzione. Tra di loro si scambiavano informazioni; non c&#8217;era internet per consultare le fonti e ottenere informazioni in modo sicuro. Ed \u00e8 cos\u00ec che si sono ritrovati a morire. E poi siamo passati all&#8217;altra fase: negli anni &#8217;90 c&#8217;erano i farmaci, ma non venivano somministrati ai gruppi di popolazione della comunit\u00e0.       <\/em><\/p>\n\n\n\n<p><em>Al giorno d&#8217;oggi, una persona sieropositiva, se non viene curata adeguatamente, ha un&#8217;aspettativa di vita di 5-10 anni. Con i farmaci ha la stessa aspettativa di vita di una persona non sieropositiva e il virus viene soppresso. Molto importante \u00e8 anche la PrEP, che vi impedisce di fare molte cose se sospetta che siate infetti. \u00c8 molto importante che sia disponibile, che vengano fornite informazioni e che vengano effettuati i test.   <\/em><\/p>\n\n\n\n<p><em><strong>Che cos&#8217;\u00e8 la PrEP?<\/strong><\/em><\/p>\n\n\n\n<p><em>La PrEP (Profilassi Pre-Esposizione) \u00e8 un trattamento con pillole assunte quotidianamente o prima e dopo i rapporti sessuali, in un dosaggio specifico e fornisce &#8211; finch\u00e9 dura &#8211; una protezione contro il virus, impedendone la trasmissione alle persone sieronegative all&#8217;HIV. <\/em><\/p>\n\n\n\n<p><em>\u00c8 particolarmente importante stabilire la disposizione del trattamento. Questa introduzione attua un&#8217;altra delle raccomandazioni del Rapporto della Strategia nazionale per l&#8217;uguaglianza LGBTQ+. Una delle dimensioni pi\u00f9 critiche del pregiudizio e della discriminazione istituzionalizzata nei confronti delle persone LGBTQ+ riguarda l&#8217;HIV. La PrEP pu\u00f2 essere prescritta e rimborsata alle persone che sono ad alto rischio di esposizione sessuale all&#8217;HIV. Una di queste popolazioni, colpita in modo sproporzionato dal virus, \u00e8 quella degli uomini che hanno rapporti sessuali con altri uomini (MSM). Pertanto, la somministrazione del trattamento \u00e8 di particolare importanza &#8211; medica e sociale &#8211; e contribuir\u00e0 a combattere lo stigma che questa popolazione deve affrontare.     <\/em><\/p>\n\n\n\n<p><em>Allo stesso tempo, la disponibilit\u00e0 della PrEP rappresenta un&#8217;ulteriore opzione di precauzione, che sposta l&#8217;attenzione sulla prevenzione piuttosto che sulla cura, come \u00e8 appropriato per tutte le questioni di salute pubblica.<\/em><\/p>\n\n\n\n<p><strong>Risorse:<\/strong><\/p>\n\n\n\n<ul class=\"wp-block-list\">\n<li><strong><strong><a href=\"https:\/\/www.cdc.gov\/hiv\/basics\/whatishiv.html\" data-type=\"link\" data-id=\"https:\/\/www.cdc.gov\/hiv\/basics\/whatishiv.html\" target=\"_blank\" rel=\"noreferrer noopener\"><\/a><a href=\"https:\/\/www.cdc.gov\/hiv\/basics\/whatishiv.html\">Informazioni sull&#8217;HIV &#8211; Centri per il controllo e la prevenzione delle malattie.<\/a><\/strong><\/strong><\/li>\n\n\n\n<li><strong><a href=\"https:\/\/positivevoice.gr\/\" data-type=\"link\" data-id=\"https:\/\/positivevoice.gr\/\" target=\"_blank\" rel=\"noreferrer noopener\">Positive Voice: People And Hiv &#8211; Greece <\/a>*Solo in lingua greca<\/strong><\/li>\n\n\n\n<li><strong><a href=\"https:\/\/www.lila.it\/en\/\" data-type=\"link\" data-id=\"https:\/\/www.lila.it\/en\/\" target=\"_blank\" rel=\"noreferrer noopener\">LILA &#8211; Lega Italiana per la Lotta contro l&#8217;AIDS<\/a> &#8211; ITALIA<\/strong><\/li>\n\n\n\n<li><strong><a href=\"https:\/\/www.bcncheckpoint.com\/\" data-type=\"link\" data-id=\"https:\/\/www.bcncheckpoint.com\/\" target=\"_blank\" rel=\"noreferrer noopener\">BCN Checkpoint &#8211; Progetto del NOMS &#8211; Hispanocida<\/a> &#8211; SPAGNA<\/strong><\/li>\n\n\n\n<li><a href=\"https:\/\/youtu.be\/48zdZ6x3SK4?feature=shared\" target=\"_blank\" rel=\"noreferrer noopener\"><strong>Cosa fare se si \u00e8 avuto un rapporto sessuale non protetto?<\/strong><\/a><\/li>\n\n\n\n<li><a href=\"https:\/\/youtu.be\/YxfOu_aTzH8?feature=shared\" target=\"_blank\" rel=\"noreferrer noopener\"><strong>Che cos&#8217;\u00e8 l&#8217;HIV?<\/strong><\/a><\/li>\n\n\n\n<li><a href=\"https:\/\/youtu.be\/B6gKFoIGBeE?feature=shared\" target=\"_blank\" rel=\"noreferrer noopener\"><strong>HIV e disparit\u00e0 di trattamento della sanit\u00e0<\/strong><\/a><\/li>\n\n\n\n<li><a href=\"https:\/\/youtu.be\/xK-VPgmn-18?feature=shared\" target=\"_blank\" rel=\"noreferrer noopener\"><strong>HIV: come proteggere se stessi e gli altri<\/strong><\/a><\/li>\n\n\n\n<li><a href=\"https:\/\/youtu.be\/IfBPQrmBwbA?feature=shared\" target=\"_blank\" rel=\"noreferrer noopener\"><strong>Vivere con l&#8217;HIV<\/strong><\/a><\/li>\n\n\n\n<li><a href=\"https:\/\/youtu.be\/SOLV5ep6B-I?feature=shared\" target=\"_blank\" rel=\"noreferrer noopener\"><strong>PrEP e PEP: prevenzione dell&#8217;HIV<\/strong><\/a><strong> <\/strong><\/li>\n<\/ul>\n\n\n\n<div style=\"height:31px\" aria-hidden=\"true\" class=\"wp-block-spacer\"><\/div>\n\n\n<a target=\"_self\" class=\"button small grey\" href=\"\/it\/termini-legati-al-sesso\/\">Indietro<\/a>\n","protected":false},"excerpt":{"rendered":"<p>L&#8217;HIV (virus dell&#8217;immunodeficienza umana) \u00e8 un virus che attacca il sistema immunitario dell&#8217;organismo. Se non viene trattato, l&#8217;HIV pu\u00f2 portare all&#8217;AIDS (sindrome da immunodeficienza acquisita). L&#8217;HIV non si trasmette solo attraverso il contatto sessuale. Lo prendiamo dalle siringhe, dallo scambio di fluidi corporei, dal sesso, dalle ferite aperte. Non con gli abbracci, il respiro, ecc&#8230;.<\/p>\n","protected":false},"author":6,"featured_media":0,"parent":0,"menu_order":0,"comment_status":"closed","ping_status":"closed","template":"t-team.php","meta":{"footnotes":""},"class_list":["post-3171","page","type-page","status-publish","hentry"],"jetpack_sharing_enabled":true,"jetpack-related-posts":[],"_links":{"self":[{"href":"https:\/\/ewisee.eu\/it\/wp-json\/wp\/v2\/pages\/3171","targetHints":{"allow":["GET"]}}],"collection":[{"href":"https:\/\/ewisee.eu\/it\/wp-json\/wp\/v2\/pages"}],"about":[{"href":"https:\/\/ewisee.eu\/it\/wp-json\/wp\/v2\/types\/page"}],"author":[{"embeddable":true,"href":"https:\/\/ewisee.eu\/it\/wp-json\/wp\/v2\/users\/6"}],"replies":[{"embeddable":true,"href":"https:\/\/ewisee.eu\/it\/wp-json\/wp\/v2\/comments?post=3171"}],"version-history":[{"count":5,"href":"https:\/\/ewisee.eu\/it\/wp-json\/wp\/v2\/pages\/3171\/revisions"}],"predecessor-version":[{"id":3176,"href":"https:\/\/ewisee.eu\/it\/wp-json\/wp\/v2\/pages\/3171\/revisions\/3176"}],"wp:attachment":[{"href":"https:\/\/ewisee.eu\/it\/wp-json\/wp\/v2\/media?parent=3171"}],"curies":[{"name":"wp","href":"https:\/\/api.w.org\/{rel}","templated":true}]}}