{"id":3193,"date":"2024-04-26T16:42:51","date_gmt":"2024-04-26T16:42:51","guid":{"rendered":"https:\/\/ewisee.eu\/distinzione-tra-sesso-e-genere-2\/"},"modified":"2024-08-29T03:38:22","modified_gmt":"2024-08-29T03:38:22","slug":"distinzione-tra-sesso-e-genere-2","status":"publish","type":"page","link":"https:\/\/ewisee.eu\/it\/distinzione-tra-sesso-e-genere-2\/","title":{"rendered":"Distinzione tra sesso e genere"},"content":{"rendered":"\n<p><em>&#8220;\u00c8 necessario fare una distinzione. Bisogna capire bene le differenze tra i due termini. Da un lato, stiamo parlando di ci\u00f2 da cui si \u00e8 attratti in un&#8217;altra persona e dall&#8217;altro stiamo parlando di come la persona si percepisce, di come si vede. Sono due cose completamente diverse. Il sesso riguarda le altre persone. Si tratta di attrazione, che esista o meno, per qualcosa di specifico o meno. Inoltre, o \u00e8 completamente chiaro per una persona o non lo \u00e8 affatto. Ritengo che tutto inizi quando pensiamo alla terminologia &#8220;sesso&#8221; e al motivo per cui viene utilizzata. D\u00e0 molte risposte a queste cose. Il fatto che usiamo il termine sesso per parlare dell&#8217;atto sessuale ha a che fare con la mia attrazione per le tue caratteristiche biologiche. Ma l&#8217;identit\u00e0 di genere ha a che fare con altre cose, pi\u00f9 profonde. Ha una posizione un po&#8217; diversa. Si potrebbe dire che \u00e8 il cuore e la mente. Partiamo da un punto di partenza diverso. Il genere riguarda solo ci\u00f2 che la persona sente di s\u00e9. Come la persona vuole essere definita e considerata&#8221;.<\/em><\/p>\n\n\n\n<p><strong>Risorse:<\/strong><\/p>\n\n\n\n<ul class=\"wp-block-list\">\n<li><a href=\"https:\/\/youtu.be\/Y19kYh6k7ls?feature=shared\" target=\"_blank\" rel=\"noreferrer noopener\"><strong>Sesso assegnato alla nascita e identit\u00e0 di genere: qual \u00e8 la differenza?<\/strong><\/a><\/li>\n\n\n\n<li><a href=\"https:\/\/youtu.be\/UD9IOllUR4k?feature=shared\" target=\"_blank\" rel=\"noreferrer noopener\"><strong>Un professore di Berkeley spiega la teoria del genere \/ Judith Butler<\/strong><\/a><\/li>\n\n\n\n<li><a href=\"https:\/\/www.youtube.com\/watch?v=N9347jJiF14&amp;ab_channel=EverythingExplained\" target=\"_blank\" rel=\"noreferrer noopener\"><strong>Ogni identit\u00e0 di genere spiegata in 10 minuti<\/strong><\/a><\/li>\n<\/ul>\n\n\n\n<div style=\"height:30px\" aria-hidden=\"true\" class=\"wp-block-spacer\"><\/div>\n\n\n<a target=\"_self\" class=\"button small grey\" href=\"\/it\/termini-legati-al-genere\/\">Indietro<\/a>\n","protected":false},"excerpt":{"rendered":"<p>&#8220;\u00c8 necessario fare una distinzione. Bisogna capire bene le differenze tra i due termini. Da un lato, stiamo parlando di ci\u00f2 da cui si \u00e8 attratti in un&#8217;altra persona e dall&#8217;altro stiamo parlando di come la persona si percepisce, di come si vede. Sono due cose completamente diverse. Il sesso riguarda le altre persone. Si&#8230;<\/p>\n","protected":false},"author":6,"featured_media":0,"parent":0,"menu_order":0,"comment_status":"closed","ping_status":"closed","template":"t-team.php","meta":{"footnotes":""},"class_list":["post-3193","page","type-page","status-publish","hentry"],"jetpack_sharing_enabled":true,"jetpack-related-posts":[],"_links":{"self":[{"href":"https:\/\/ewisee.eu\/it\/wp-json\/wp\/v2\/pages\/3193","targetHints":{"allow":["GET"]}}],"collection":[{"href":"https:\/\/ewisee.eu\/it\/wp-json\/wp\/v2\/pages"}],"about":[{"href":"https:\/\/ewisee.eu\/it\/wp-json\/wp\/v2\/types\/page"}],"author":[{"embeddable":true,"href":"https:\/\/ewisee.eu\/it\/wp-json\/wp\/v2\/users\/6"}],"replies":[{"embeddable":true,"href":"https:\/\/ewisee.eu\/it\/wp-json\/wp\/v2\/comments?post=3193"}],"version-history":[{"count":4,"href":"https:\/\/ewisee.eu\/it\/wp-json\/wp\/v2\/pages\/3193\/revisions"}],"predecessor-version":[{"id":3197,"href":"https:\/\/ewisee.eu\/it\/wp-json\/wp\/v2\/pages\/3193\/revisions\/3197"}],"wp:attachment":[{"href":"https:\/\/ewisee.eu\/it\/wp-json\/wp\/v2\/media?parent=3193"}],"curies":[{"name":"wp","href":"https:\/\/api.w.org\/{rel}","templated":true}]}}