{"id":3199,"date":"2024-04-26T16:51:14","date_gmt":"2024-04-26T16:51:14","guid":{"rendered":"https:\/\/ewisee.eu\/identita-di-genere\/"},"modified":"2024-08-29T04:10:00","modified_gmt":"2024-08-29T04:10:00","slug":"identita-di-genere","status":"publish","type":"page","link":"https:\/\/ewisee.eu\/it\/identita-di-genere\/","title":{"rendered":"Identit\u00e0 di genere"},"content":{"rendered":"\n<p>L&#8217;identit\u00e0 di genere \u00e8 il modo in cui un individuo si identifica in base alla sua concezione interna del genere. Le identit\u00e0 di genere possono essere maschile, femminile, agender, androgina, genderqueer, non binaria, transgender o molte altre. <\/p>\n\n\n\n<p>L&#8217;identit\u00e0 di genere \u00e8 intesa come il modo interno e individuale in cui gli individui percepiscono il genere. Pu\u00f2 coincidere o meno con il genere identificato alla nascita, e comprende l&#8217;esperienza individuale del corpo. Ci\u00f2 pu\u00f2 comportare cambiamenti nell&#8217;aspetto corporeo o farmacologici, interventi chirurgici o altri mezzi, se liberamente scelti. Include anche altre espressioni di genere, come l&#8217;abbigliamento, il linguaggio e l&#8217;espressione.    <\/p>\n\n\n\n<p>[Galanou, M. (2014). <em>Identit\u00e0 ed espressione di genere.<\/em> Atene: Associazione di sostegno ai transgender].<\/p>\n\n\n\n<p><em>&#8220;Io, in quanto non-binario, dopo anni di esplorazione di concetti, ho concluso che \u00e8 un termine che mi rappresenta, mi definisce e con cui mi sento a mio agio. E sento che \u00e8 vicino a ci\u00f2 che sento e voglio esprimere all&#8217;esterno. Le domande chiave su questo tema sono: &#8220;Cosa sono?&#8221; e &#8220;Cosa voglio essere?&#8221;. \u00c8 una cosa personale. E come voglio che gli altri mi vedano&#8221;. <\/em><\/p>\n\n\n\n<p><strong>Risorse:<\/strong><\/p>\n\n\n\n<ul class=\"wp-block-list\">\n<li><strong><a href=\"https:\/\/youtu.be\/i83VQIaDlQw?feature=shared\" target=\"_blank\" rel=\"noreferrer noopener\"><\/a><a href=\"https:\/\/youtu.be\/i83VQIaDlQw?feature=shared\">Gamma di identit\u00e0 di genere<\/a> <\/strong><\/li>\n\n\n\n<li><a href=\"https:\/\/www.youtube.com\/watch?v=S231LZ3bC3A&amp;pp=ygUZZ2VuZGVyIGlkZW50aXR5IGV4cGxhaW5lZA%3D%3D\" target=\"_blank\" rel=\"noreferrer noopener\"><strong>L&#8217;identit\u00e0 di genere spiegata<\/strong><\/a><\/li>\n\n\n\n<li><a href=\"https:\/\/www.youtube.com\/watch?v=PzGauky20tc\" target=\"_blank\" rel=\"noreferrer noopener\"><strong>Il genere spiegato l CBC Kids News<\/strong><\/a><\/li>\n\n\n\n<li><a href=\"https:\/\/youtu.be\/6Ndwj9EEN1o?feature=shared\" target=\"_blank\" rel=\"noreferrer noopener\"><strong>I termini dell&#8217;identit\u00e0 di genere | StudenTALK<\/strong><\/a><\/li>\n<\/ul>\n\n\n\n<div style=\"height:30px\" aria-hidden=\"true\" class=\"wp-block-spacer\"><\/div>\n\n\n<a target=\"_self\" class=\"button small grey\" href=\"\/it\/termini-legati-al-genere\/\">Indietro<\/a>\n","protected":false},"excerpt":{"rendered":"<p>L&#8217;identit\u00e0 di genere \u00e8 il modo in cui un individuo si identifica in base alla sua concezione interna del genere. Le identit\u00e0 di genere possono essere maschile, femminile, agender, androgina, genderqueer, non binaria, transgender o molte altre. L&#8217;identit\u00e0 di genere \u00e8 intesa come il modo interno e individuale in cui gli individui percepiscono il genere&#8230;.<\/p>\n","protected":false},"author":6,"featured_media":0,"parent":0,"menu_order":0,"comment_status":"closed","ping_status":"closed","template":"t-team.php","meta":{"footnotes":""},"class_list":["post-3199","page","type-page","status-publish","hentry"],"jetpack_sharing_enabled":true,"jetpack-related-posts":[],"_links":{"self":[{"href":"https:\/\/ewisee.eu\/it\/wp-json\/wp\/v2\/pages\/3199","targetHints":{"allow":["GET"]}}],"collection":[{"href":"https:\/\/ewisee.eu\/it\/wp-json\/wp\/v2\/pages"}],"about":[{"href":"https:\/\/ewisee.eu\/it\/wp-json\/wp\/v2\/types\/page"}],"author":[{"embeddable":true,"href":"https:\/\/ewisee.eu\/it\/wp-json\/wp\/v2\/users\/6"}],"replies":[{"embeddable":true,"href":"https:\/\/ewisee.eu\/it\/wp-json\/wp\/v2\/comments?post=3199"}],"version-history":[{"count":4,"href":"https:\/\/ewisee.eu\/it\/wp-json\/wp\/v2\/pages\/3199\/revisions"}],"predecessor-version":[{"id":3204,"href":"https:\/\/ewisee.eu\/it\/wp-json\/wp\/v2\/pages\/3199\/revisions\/3204"}],"wp:attachment":[{"href":"https:\/\/ewisee.eu\/it\/wp-json\/wp\/v2\/media?parent=3199"}],"curies":[{"name":"wp","href":"https:\/\/api.w.org\/{rel}","templated":true}]}}