{"id":3214,"date":"2024-04-26T18:44:10","date_gmt":"2024-04-26T18:44:10","guid":{"rendered":"https:\/\/ewisee.eu\/transgender-2\/"},"modified":"2024-08-29T04:21:15","modified_gmt":"2024-08-29T04:21:15","slug":"transgender-2","status":"publish","type":"page","link":"https:\/\/ewisee.eu\/it\/transgender-2\/","title":{"rendered":"Transgender"},"content":{"rendered":"\n<p>Una persona la cui identit\u00e0 e\/o espressione di genere non \u00e8 in linea con il sesso che le \u00e8 stato assegnato alla nascita. Transgender \u00e8 spesso usato come termine ombrello che comprende un gran numero di identit\u00e0 legate alla non conformit\u00e0 di genere.  <\/p>\n\n\n\n<p>(Per comprendere meglio gli elementi del termine, si vedano i seguenti termini della categoria &#8220;<a href=\"https:\/\/ewisee.eu\/it\/termini-legati-al-genere\/\">Termini legati al genere<\/a>&#8220;: <a href=\"https:\/\/ewisee.eu\/it\/genere\/\">Genere<\/a>, <a href=\"https:\/\/ewisee.eu\/it\/identita-di-genere\/\">Identit\u00e0 di genere<\/a>, <a href=\"https:\/\/ewisee.eu\/gender-dysphoria\/\">Disforia di genere<\/a>, <a href=\"https:\/\/ewisee.eu\/it\/cis-gender\/\">Cis-Gender<\/a>).<\/p>\n\n\n\n<figure class=\"wp-block-image size-full is-resized\"><img loading=\"lazy\" decoding=\"async\" width=\"318\" height=\"159\" src=\"https:\/\/ewisee.eu\/wp-content\/uploads\/2024\/04\/Transgender-Pride-Flag.png\" alt=\"\" class=\"wp-image-1431\" style=\"width:200px\" srcset=\"https:\/\/ewisee.eu\/wp-content\/uploads\/2024\/04\/Transgender-Pride-Flag.png 318w, https:\/\/ewisee.eu\/wp-content\/uploads\/2024\/04\/Transgender-Pride-Flag-300x150.png 300w, https:\/\/ewisee.eu\/wp-content\/uploads\/2024\/04\/Transgender-Pride-Flag-270x135.png 270w\" sizes=\"auto, (max-width: 318px) 100vw, 318px\" \/><figcaption class=\"wp-element-caption\">Bandiera dell&#8217;orgoglio transgender<br>-Wikipedia<\/figcaption><\/figure>\n\n\n\n<p><strong>Risorse:<\/strong><\/p>\n\n\n\n<ul class=\"wp-block-list\">\n<li><strong><a href=\"https:\/\/drive.google.com\/file\/d\/1Z-G153mJ7n0_oJM2FmaJqnN9BhILefFS\/view?usp=drive_link\" target=\"_blank\" rel=\"noreferrer noopener\">Galanou, M. Identit\u00e0 ed espressione di genere &#8211; Persona transgender<\/a>  <\/strong><\/li>\n\n\n\n<li><strong><a href=\"https:\/\/youtu.be\/uIuS-48tSpE?feature=shared\" target=\"_blank\" rel=\"noreferrer noopener\">Crescere come trans (documentario completo) | FRONTLINE<\/a> <\/strong><\/li>\n\n\n\n<li><strong><a href=\"https:\/\/youtu.be\/uLcIbjgnGlQ?feature=shared\" target=\"_blank\" rel=\"noreferrer noopener\">Essere transgender<\/a> <\/strong><\/li>\n\n\n\n<li><a href=\"https:\/\/youtu.be\/RRpdhNTjyIc?feature=shared\" target=\"_blank\" rel=\"noreferrer noopener\"><strong>A Little More Blue &#8211; Un film sull&#8217;identit\u00e0 di genere<\/strong><\/a><\/li>\n<\/ul>\n\n\n\n<div style=\"height:30px\" aria-hidden=\"true\" class=\"wp-block-spacer\"><\/div>\n\n\n<a target=\"_self\" class=\"button small grey\" href=\"\/it\/termini-legati-al-genere\/\">Indietro<\/a>\n","protected":false},"excerpt":{"rendered":"<p>Una persona la cui identit\u00e0 e\/o espressione di genere non \u00e8 in linea con il sesso che le \u00e8 stato assegnato alla nascita. Transgender \u00e8 spesso usato come termine ombrello che comprende un gran numero di identit\u00e0 legate alla non conformit\u00e0 di genere. (Per comprendere meglio gli elementi del termine, si vedano i seguenti termini&#8230;<\/p>\n","protected":false},"author":6,"featured_media":0,"parent":0,"menu_order":0,"comment_status":"closed","ping_status":"closed","template":"t-team.php","meta":{"footnotes":""},"class_list":["post-3214","page","type-page","status-publish","hentry"],"jetpack_sharing_enabled":true,"jetpack-related-posts":[],"_links":{"self":[{"href":"https:\/\/ewisee.eu\/it\/wp-json\/wp\/v2\/pages\/3214","targetHints":{"allow":["GET"]}}],"collection":[{"href":"https:\/\/ewisee.eu\/it\/wp-json\/wp\/v2\/pages"}],"about":[{"href":"https:\/\/ewisee.eu\/it\/wp-json\/wp\/v2\/types\/page"}],"author":[{"embeddable":true,"href":"https:\/\/ewisee.eu\/it\/wp-json\/wp\/v2\/users\/6"}],"replies":[{"embeddable":true,"href":"https:\/\/ewisee.eu\/it\/wp-json\/wp\/v2\/comments?post=3214"}],"version-history":[{"count":4,"href":"https:\/\/ewisee.eu\/it\/wp-json\/wp\/v2\/pages\/3214\/revisions"}],"predecessor-version":[{"id":3218,"href":"https:\/\/ewisee.eu\/it\/wp-json\/wp\/v2\/pages\/3214\/revisions\/3218"}],"wp:attachment":[{"href":"https:\/\/ewisee.eu\/it\/wp-json\/wp\/v2\/media?parent=3214"}],"curies":[{"name":"wp","href":"https:\/\/api.w.org\/{rel}","templated":true}]}}