{"id":3220,"date":"2024-04-26T18:53:37","date_gmt":"2024-04-26T18:53:37","guid":{"rendered":"https:\/\/ewisee.eu\/genere-binario\/"},"modified":"2024-08-29T04:27:23","modified_gmt":"2024-08-29T04:27:23","slug":"binarismo-di-genere","status":"publish","type":"page","link":"https:\/\/ewisee.eu\/it\/binarismo-di-genere\/","title":{"rendered":"Binarismo Di Genere"},"content":{"rendered":"\n<p>Un sistema, costruito socialmente, che considera il genere come costituito unicamente da due categorie &#8211; maschio e femmina &#8211; e che ritiene che non esistano altre possibilit\u00e0 di genere. Il binarismo di genere non tiene conto della diversit\u00e0 delle identit\u00e0 e delle espressioni di genere tra tutte le persone.  <\/p>\n\n\n\n<p><strong>Risorse:<\/strong><\/p>\n\n\n\n<ul class=\"wp-block-list\">\n<li><a href=\"https:\/\/www.britannica.com\/topic\/gender-binary\" target=\"_blank\" rel=\"noreferrer noopener\"><strong>Binarismo di genere &#8211; Britannica<\/strong><\/a><\/li>\n\n\n\n<li><a href=\"https:\/\/gap.hks.harvard.edu\/defending-sexgender-binary-role-gender-identification-and-need-closure\" target=\"_blank\" rel=\"noreferrer noopener\"><strong>Gender Action Portal\/Harvard University<\/strong><\/a><\/li>\n<\/ul>\n\n\n\n<div style=\"height:30px\" aria-hidden=\"true\" class=\"wp-block-spacer\"><\/div>\n\n\n<a target=\"_self\" class=\"button small grey\" href=\"\/it\/termini-legati-al-genere\/\">Indietro<\/a>\n","protected":false},"excerpt":{"rendered":"<p>Un sistema, costruito socialmente, che considera il genere come costituito unicamente da due categorie &#8211; maschio e femmina &#8211; e che ritiene che non esistano altre possibilit\u00e0 di genere. Il binarismo di genere non tiene conto della diversit\u00e0 delle identit\u00e0 e delle espressioni di genere tra tutte le persone. Risorse:<\/p>\n","protected":false},"author":6,"featured_media":0,"parent":0,"menu_order":0,"comment_status":"closed","ping_status":"closed","template":"t-team.php","meta":{"footnotes":""},"class_list":["post-3220","page","type-page","status-publish","hentry"],"jetpack_sharing_enabled":true,"jetpack-related-posts":[],"_links":{"self":[{"href":"https:\/\/ewisee.eu\/it\/wp-json\/wp\/v2\/pages\/3220","targetHints":{"allow":["GET"]}}],"collection":[{"href":"https:\/\/ewisee.eu\/it\/wp-json\/wp\/v2\/pages"}],"about":[{"href":"https:\/\/ewisee.eu\/it\/wp-json\/wp\/v2\/types\/page"}],"author":[{"embeddable":true,"href":"https:\/\/ewisee.eu\/it\/wp-json\/wp\/v2\/users\/6"}],"replies":[{"embeddable":true,"href":"https:\/\/ewisee.eu\/it\/wp-json\/wp\/v2\/comments?post=3220"}],"version-history":[{"count":4,"href":"https:\/\/ewisee.eu\/it\/wp-json\/wp\/v2\/pages\/3220\/revisions"}],"predecessor-version":[{"id":3225,"href":"https:\/\/ewisee.eu\/it\/wp-json\/wp\/v2\/pages\/3220\/revisions\/3225"}],"wp:attachment":[{"href":"https:\/\/ewisee.eu\/it\/wp-json\/wp\/v2\/media?parent=3220"}],"curies":[{"name":"wp","href":"https:\/\/api.w.org\/{rel}","templated":true}]}}