{"id":3240,"date":"2024-04-26T19:49:15","date_gmt":"2024-04-26T19:49:15","guid":{"rendered":"https:\/\/ewisee.eu\/genere-non-binario\/"},"modified":"2024-08-29T04:56:52","modified_gmt":"2024-08-29T04:56:52","slug":"genere-non-binario","status":"publish","type":"page","link":"https:\/\/ewisee.eu\/it\/genere-non-binario\/","title":{"rendered":"Genere Non-Binario"},"content":{"rendered":"\n<p>Una persona che abbraccia un&#8217;identit\u00e0 di genere lungo un continuum o spettro di identit\u00e0 ed espressioni di genere spesso lo fa basandosi sul rifiuto dell&#8217;assunto del binarismo di genere, secondo cui il genere \u00e8 strettamente un&#8217;opzione binaria basata sul sesso assegnato alla nascita. <\/p>\n\n\n\n<p>(Controlla anche i seguenti termini: <a href=\"https:\/\/ewisee.eu\/it\/binarismo-di-genere\/\" data-type=\"link\" data-id=\"https:\/\/ewisee.eu\/gender-binary\/\">Genere binario<\/a> e <a href=\"https:\/\/ewisee.eu\/it\/sesso-biologico-sesso-assegnato-alla-nascita\/\">Sesso assegnato alla nascita\/Sesso biologico<\/a>)<\/p>\n\n\n\n<p><em>&#8220;All&#8217;inizio abbiamo detto che se sei una donna devi essere dolce, con i bambini, in cucina, mentre se sei un uomo devi &#8220;portare a casa i soldi&#8221;.  <span style=\"text-decoration: underline;\">E se non sei nessuna delle due cose, non esisti&#8221;.<\/span><\/em><\/p>\n\n\n\n<p><em>Stiamo parlando di qualcosa di puramente binario, maschio-femmina. Non c&#8217;\u00e8 niente in mezzo, nulla di pi\u00f9. Il che, tuttavia, si scontra con la fluidit\u00e0 &#8211; la fluidit\u00e0 &#8211; che esiste e con la nozione di sessualit\u00e0 e identit\u00e0 di genere come spettro. E cos&#8217;\u00e8 uno spettro? Non possiamo definire punti precisi e differenziazioni. Quindi, il passaggio dall&#8217;uno all&#8217;altro \u00e8 accompagnato dalla fluidit\u00e0&#8221;.<\/em><\/p>\n\n\n\n<figure class=\"wp-block-image size-large is-resized\"><img loading=\"lazy\" decoding=\"async\" width=\"1024\" height=\"683\" src=\"https:\/\/ewisee.eu\/wp-content\/uploads\/2024\/04\/Non-Binary-Pride-Flag-1-1024x683.png\" alt=\"\" class=\"wp-image-1570\" style=\"width:200px\" srcset=\"https:\/\/ewisee.eu\/wp-content\/uploads\/2024\/04\/Non-Binary-Pride-Flag-1-1024x683.png 1024w, https:\/\/ewisee.eu\/wp-content\/uploads\/2024\/04\/Non-Binary-Pride-Flag-1-300x200.png 300w, https:\/\/ewisee.eu\/wp-content\/uploads\/2024\/04\/Non-Binary-Pride-Flag-1-768x512.png 768w, https:\/\/ewisee.eu\/wp-content\/uploads\/2024\/04\/Non-Binary-Pride-Flag-1-270x180.png 270w, https:\/\/ewisee.eu\/wp-content\/uploads\/2024\/04\/Non-Binary-Pride-Flag-1.png 1200w\" sizes=\"auto, (max-width: 1024px) 100vw, 1024px\" \/><figcaption class=\"wp-element-caption\">Bandiera dell&#8217;orgoglio non-binario<br>-Wikipedia<\/figcaption><\/figure>\n\n\n\n<p><strong>Risorse:<\/strong><\/p>\n\n\n\n<ul class=\"wp-block-list\">\n<li><strong><a href=\"https:\/\/transequality.org\/issues\/resources\/understanding-nonbinary-people-how-to-be-respectful-and-supportive#:~:text=The%20idea%20that%20there%20are,two%20categories%2C%20male%20or%20female\" target=\"_blank\" rel=\"noreferrer noopener\"><\/a><a href=\"https:\/\/transequality.org\/issues\/resources\/understanding-nonbinary-people-how-to-be-respectful-and-supportive#:~:text=The%20idea%20that%20there%20are,two%20categories%2C%20male%20or%20female\">Capire le persone non binarie: come essere rispettosi e solidali &#8211; TransEqualityOrg<\/a> <\/strong><\/li>\n\n\n\n<li><strong><a href=\"https:\/\/lgbt.foundation\/help\/what-it-means-to-be-non-binary\/\" target=\"_blank\" rel=\"noreferrer noopener\"><\/a><a href=\"https:\/\/lgbt.foundation\/help\/what-it-means-to-be-non-binary\/\">COSA SIGNIFICA ESSERE NON BINARI &#8211; Fondazione LGBT<\/a> <\/strong><\/li>\n\n\n\n<li><a href=\"https:\/\/youtu.be\/g_eW1Igyp8M?feature=shared\" target=\"_blank\" rel=\"noreferrer noopener\"><strong>Incontro con giovani australiani non binari che non si identificano n\u00e9 come maschi n\u00e9 come femmine | Four Corners<\/strong><\/a><\/li>\n<\/ul>\n\n\n\n<div style=\"height:30px\" aria-hidden=\"true\" class=\"wp-block-spacer\"><\/div>\n\n\n<a target=\"_self\" class=\"button small grey\" href=\"\/it\/termini-legati-al-genere\/\">Indietro<\/a>\n","protected":false},"excerpt":{"rendered":"<p>Una persona che abbraccia un&#8217;identit\u00e0 di genere lungo un continuum o spettro di identit\u00e0 ed espressioni di genere spesso lo fa basandosi sul rifiuto dell&#8217;assunto del binarismo di genere, secondo cui il genere \u00e8 strettamente un&#8217;opzione binaria basata sul sesso assegnato alla nascita. (Controlla anche i seguenti termini: Genere binario e Sesso assegnato alla nascita\/Sesso&#8230;<\/p>\n","protected":false},"author":6,"featured_media":0,"parent":0,"menu_order":0,"comment_status":"closed","ping_status":"closed","template":"t-team.php","meta":{"footnotes":""},"class_list":["post-3240","page","type-page","status-publish","hentry"],"jetpack_sharing_enabled":true,"jetpack-related-posts":[],"_links":{"self":[{"href":"https:\/\/ewisee.eu\/it\/wp-json\/wp\/v2\/pages\/3240","targetHints":{"allow":["GET"]}}],"collection":[{"href":"https:\/\/ewisee.eu\/it\/wp-json\/wp\/v2\/pages"}],"about":[{"href":"https:\/\/ewisee.eu\/it\/wp-json\/wp\/v2\/types\/page"}],"author":[{"embeddable":true,"href":"https:\/\/ewisee.eu\/it\/wp-json\/wp\/v2\/users\/6"}],"replies":[{"embeddable":true,"href":"https:\/\/ewisee.eu\/it\/wp-json\/wp\/v2\/comments?post=3240"}],"version-history":[{"count":4,"href":"https:\/\/ewisee.eu\/it\/wp-json\/wp\/v2\/pages\/3240\/revisions"}],"predecessor-version":[{"id":3244,"href":"https:\/\/ewisee.eu\/it\/wp-json\/wp\/v2\/pages\/3240\/revisions\/3244"}],"wp:attachment":[{"href":"https:\/\/ewisee.eu\/it\/wp-json\/wp\/v2\/media?parent=3240"}],"curies":[{"name":"wp","href":"https:\/\/api.w.org\/{rel}","templated":true}]}}