{"id":3259,"date":"2024-04-26T20:10:13","date_gmt":"2024-04-26T20:10:13","guid":{"rendered":"https:\/\/ewisee.eu\/stereotipi\/"},"modified":"2024-08-29T05:29:36","modified_gmt":"2024-08-29T05:29:36","slug":"stereotipi","status":"publish","type":"page","link":"https:\/\/ewisee.eu\/it\/stereotipi\/","title":{"rendered":"Stereotipi"},"content":{"rendered":"\n<ul class=\"wp-block-list\">\n<li>Una donna &#8220;deve&#8221; indossare abiti, gonne e vestiti di colore pi\u00f9 chiaro.<\/li>\n\n\n\n<li>Suddivisione dei giocattoli, degli hobby e delle attivit\u00e0 extra scolastiche\/sportive tra maschi e femmine. <\/li>\n\n\n\n<li>Gli uomini non possono piangere o esprimere le proprie emozioni<\/li>\n\n\n\n<li>La donna deve cucinare e prendersi cura dei bambini, mentre l&#8217;uomo deve guadagnare denaro per il mantenimento della casa. <\/li>\n\n\n\n<li>Domande stereotipate e sessiste nell&#8217;ambiente e nel contesto di lavoro, ad esempio: &#8220;Quando pensi di avere un bambino?&#8221;. <\/li>\n<\/ul>\n\n\n\n<p><em>All&#8217;inizio abbiamo detto che se sei una donna, devi essere dolce con i bambini. Se invece sei un uomo, devi &#8220;portare a casa i soldi&#8221;. E se non sei n\u00e9 l&#8217;uno n\u00e9 l&#8217;altro, non esisti. Inoltre, se sei una donna che non vuole figli, sei una lesbica. Hai un problema. Hai un problema se non vuoi sposarti e avere figli a 22 anni.     <\/em><\/p>\n\n\n\n<p><em><span style=\"text-decoration: underline;\">STORIA PERSONALE.<\/span><\/em><\/p>\n\n\n\n<p><em>&#8220;I modi tradizionali di espressione di genere erano visibili, chiari e molto differenziati quando sei cresciuta?<\/em><\/p>\n\n\n\n<p><em>In larga misura, s\u00ec. Ma almeno nessuno mi vietava di giocare con i giocattoli di mio fratello o di giocare a calcio. Credo che a casa mia ci fosse una certa flessibilit\u00e0 in questo senso. Ho smesso di giocare a pallone, per\u00f2, perch\u00e9 i miei genitori temevano che avrei avuto le gambe di un atleta maschio. Curiosit\u00e0: ho smesso di praticare uno sport che mi piaceva perch\u00e9 i miei genitori temevano che avrei avuto le gambe di un uomo. Tuttavia, in larga misura, c&#8217;era la flessibilit\u00e0 di fare le cose che mi piacevano. Ma c&#8217;erano anche cose come riordinare, assistere la mamma quando cucinava, aiutare e sparecchiare la tavola. Va bene, T. \u00e8 un ragazzo e i ragazzi sono ragazzi. Anche se avevo una certa libert\u00e0, c&#8217;erano gli stereotipi legati all&#8217;essere una ragazza. Per esempio, una cosa che mi succede tuttora: quando torno a casa dei miei genitori e voglio aiutare mio padre nel lavoro, visto che per mio padre sono ancora una ragazza, non vado in officina ma mi siedo in ufficio a pulire o a fare il lavoro di segreteria. Mio fratello invece starebbe in officina a sollevare pesi, a dipingere e ad occuparsi dei clienti. C&#8217;\u00e8 flessibilit\u00e0, ma dietro c&#8217;\u00e8 tutto il resto. \u00c8 una flessibilit\u00e0 superficiale, dietro c&#8217;\u00e8 qualcosa di profondamente radicato nella nostra societ\u00e0 patriarcale&#8221;.              <\/em><\/p>\n\n\n\n<p><strong>Risorse:<\/strong><\/p>\n\n\n\n<ul class=\"wp-block-list\">\n<li><a href=\"https:\/\/drive.google.com\/file\/d\/1ge4S8sPQctsYPkzDA4a3iWz-wGzoJLN-\/view?usp=drive_link\" target=\"_blank\" rel=\"noreferrer noopener\"><strong>Una visione performativa dei ruoli di genere: Judith Butler<\/strong><\/a><\/li>\n\n\n\n<li><a href=\"https:\/\/www.genderequalitylaw.org\/examples-of-gender-stereotypes\" target=\"_blank\" rel=\"noreferrer noopener\"><strong>Esempi di stereotipi di genere &#8211; Gender Equality Law Org<\/strong><\/a><\/li>\n\n\n\n<li><a href=\"https:\/\/www.genderequalitylaw.org\/gender-stereotyping\" target=\"_blank\" rel=\"noreferrer noopener\"><strong>Stereotipi di genere &#8211; Legge sull&#8217;uguaglianza di genere (Gender Equality Law Org)<\/strong><\/a><\/li>\n\n\n\n<li><strong><a href=\"https:\/\/www.youtube.com\/watch?v=Ulh0DnFUGsk&amp;pp=ygUScHJvbm91bnMgYW1hemUgb3Jn\" target=\"_blank\" rel=\"noreferrer noopener\"><\/a><a href=\"https:\/\/www.youtube.com\/watch?v=Ulh0DnFUGsk&amp;pp=ygUScHJvbm91bnMgYW1hemUgb3Jn\">Ruoli e stereotipi di genere (VIDEO)<\/a> <\/strong><\/li>\n\n\n\n<li><a href=\"https:\/\/youtu.be\/0P2BgVOFxZU?feature=shared\" target=\"_blank\" rel=\"noreferrer noopener\"><strong>Stereotipi di genere e linguaggio delle relazioni | CARLOTTA VAGNOLI | TEDxBrianza<\/strong><\/a><\/li>\n<\/ul>\n\n\n\n<div style=\"height:30px\" aria-hidden=\"true\" class=\"wp-block-spacer\"><\/div>\n\n\n<a target=\"_self\" class=\"button small grey\" href=\"\/it\/termini-legati-al-genere\/\">Indietro<\/a>\n","protected":false},"excerpt":{"rendered":"<p>All&#8217;inizio abbiamo detto che se sei una donna, devi essere dolce con i bambini. Se invece sei un uomo, devi &#8220;portare a casa i soldi&#8221;. E se non sei n\u00e9 l&#8217;uno n\u00e9 l&#8217;altro, non esisti. Inoltre, se sei una donna che non vuole figli, sei una lesbica. Hai un problema. Hai un problema se non&#8230;<\/p>\n","protected":false},"author":6,"featured_media":0,"parent":0,"menu_order":0,"comment_status":"closed","ping_status":"closed","template":"t-team.php","meta":{"footnotes":""},"class_list":["post-3259","page","type-page","status-publish","hentry"],"jetpack_sharing_enabled":true,"jetpack-related-posts":[],"_links":{"self":[{"href":"https:\/\/ewisee.eu\/it\/wp-json\/wp\/v2\/pages\/3259","targetHints":{"allow":["GET"]}}],"collection":[{"href":"https:\/\/ewisee.eu\/it\/wp-json\/wp\/v2\/pages"}],"about":[{"href":"https:\/\/ewisee.eu\/it\/wp-json\/wp\/v2\/types\/page"}],"author":[{"embeddable":true,"href":"https:\/\/ewisee.eu\/it\/wp-json\/wp\/v2\/users\/6"}],"replies":[{"embeddable":true,"href":"https:\/\/ewisee.eu\/it\/wp-json\/wp\/v2\/comments?post=3259"}],"version-history":[{"count":4,"href":"https:\/\/ewisee.eu\/it\/wp-json\/wp\/v2\/pages\/3259\/revisions"}],"predecessor-version":[{"id":3263,"href":"https:\/\/ewisee.eu\/it\/wp-json\/wp\/v2\/pages\/3259\/revisions\/3263"}],"wp:attachment":[{"href":"https:\/\/ewisee.eu\/it\/wp-json\/wp\/v2\/media?parent=3259"}],"curies":[{"name":"wp","href":"https:\/\/api.w.org\/{rel}","templated":true}]}}