{"id":3309,"date":"2024-04-28T19:08:00","date_gmt":"2024-04-28T19:08:00","guid":{"rendered":"https:\/\/ewisee.eu\/violenza-domestica-violenza-di-coppia\/"},"modified":"2024-09-01T18:55:23","modified_gmt":"2024-09-01T18:55:23","slug":"violenza-domestica-violenza-di-coppia","status":"publish","type":"page","link":"https:\/\/ewisee.eu\/it\/violenza-domestica-violenza-di-coppia\/","title":{"rendered":"Violenza Domestica \/ Violenza Nelle Relazioni Di Coppia"},"content":{"rendered":"\n<p>Un modello di comportamento abusante in una relazione da parte di un individuo per ottenere o mantenere il controllo su un altro individuo se questi individui vivono nello stesso ambiente domestico. Pu\u00f2 includere abusi verbali, fisici, sessuali, emotivi, economici e\/o psicologici, nonch\u00e9 controllo, intimidazione, minacce e\/o stalking. Pu\u00f2 accadere anche a persone sposate, conviventi, che si frequentano o che hanno partner sessuali o intimi, nonch\u00e9 a bambini e altri membri della famiglia, indipendentemente dal contesto socioeconomico, dalla razza, dall&#8217;et\u00e0, dall&#8217;orientamento sessuale, dalla religione, dal sesso o dall&#8217;identit\u00e0 di genere.   <\/p>\n\n\n\n<p><strong><span style=\"text-decoration: underline;\">Violenza nelle relazioni di coppia:<\/span><\/strong> Comportamento controllante, abusante e\/o aggressivo nel contesto di una relazione sentimentale e\/o sessuale. Pu\u00f2 includere abusi verbali, fisici, sessuali, emotivi, economici e\/o psicologici, essere perpetrata contro una persona di qualsiasi sesso e verificarsi in qualsiasi relazione, indipendentemente dall&#8217;orientamento sessuale.  <\/p>\n\n\n\n<div class=\"wp-block-group is-vertical is-layout-flex wp-container-core-group-is-layout-8cf370e7 wp-block-group-is-layout-flex\">\n<p><strong>Risorse:<\/strong><\/p>\n\n\n\n<ul class=\"wp-block-list\">\n<li><a href=\"https:\/\/www.youtube.com\/watch?v=1L6HB97lbrQ\"><strong>Sunshine &#8211; Non confondere amore e abuso &#8211; Day one<\/strong><\/a><\/li>\n\n\n\n<li><a href=\"https:\/\/ncadv.org\/\"><strong>National Coalition Against Domestic Violence<\/strong><\/a><a href=\"https:\/\/diotima.org.gr\/en\/\"><strong> <\/strong><\/a><\/li>\n\n\n\n<li><a href=\"https:\/\/diotima.org.gr\/en\/\"><strong>Diotima Centre on Gender Issues<\/strong><\/a><\/li>\n<\/ul>\n<\/div>\n\n\n\n<div style=\"height:30px\" aria-hidden=\"true\" class=\"wp-block-spacer\"><\/div>\n\n\n<a target=\"_self\" class=\"button small grey\" href=\"\/it\/prima-categoria-violenza-di-genere-e-violenza-sullidentita-femminile\/\">Indietro<\/a>\n","protected":false},"excerpt":{"rendered":"<p>Un modello di comportamento abusante in una relazione da parte di un individuo per ottenere o mantenere il controllo su un altro individuo se questi individui vivono nello stesso ambiente domestico. Pu\u00f2 includere abusi verbali, fisici, sessuali, emotivi, economici e\/o psicologici, nonch\u00e9 controllo, intimidazione, minacce e\/o stalking. Pu\u00f2 accadere anche a persone sposate, conviventi, che&#8230;<\/p>\n","protected":false},"author":6,"featured_media":0,"parent":0,"menu_order":0,"comment_status":"closed","ping_status":"closed","template":"t-team.php","meta":{"footnotes":""},"class_list":["post-3309","page","type-page","status-publish","hentry"],"jetpack_sharing_enabled":true,"jetpack-related-posts":[],"_links":{"self":[{"href":"https:\/\/ewisee.eu\/it\/wp-json\/wp\/v2\/pages\/3309","targetHints":{"allow":["GET"]}}],"collection":[{"href":"https:\/\/ewisee.eu\/it\/wp-json\/wp\/v2\/pages"}],"about":[{"href":"https:\/\/ewisee.eu\/it\/wp-json\/wp\/v2\/types\/page"}],"author":[{"embeddable":true,"href":"https:\/\/ewisee.eu\/it\/wp-json\/wp\/v2\/users\/6"}],"replies":[{"embeddable":true,"href":"https:\/\/ewisee.eu\/it\/wp-json\/wp\/v2\/comments?post=3309"}],"version-history":[{"count":4,"href":"https:\/\/ewisee.eu\/it\/wp-json\/wp\/v2\/pages\/3309\/revisions"}],"predecessor-version":[{"id":3313,"href":"https:\/\/ewisee.eu\/it\/wp-json\/wp\/v2\/pages\/3309\/revisions\/3313"}],"wp:attachment":[{"href":"https:\/\/ewisee.eu\/it\/wp-json\/wp\/v2\/media?parent=3309"}],"curies":[{"name":"wp","href":"https:\/\/api.w.org\/{rel}","templated":true}]}}