{"id":3328,"date":"2024-04-28T19:32:01","date_gmt":"2024-04-28T19:32:01","guid":{"rendered":"https:\/\/ewisee.eu\/oppressione\/"},"modified":"2024-09-01T19:38:25","modified_gmt":"2024-09-01T19:38:25","slug":"oppressione","status":"publish","type":"page","link":"https:\/\/ewisee.eu\/it\/oppressione\/","title":{"rendered":"Oppressione"},"content":{"rendered":"\n<p>\u00c8 il risultato dell&#8217;uso del potere istituzionale e del privilegio di cui una persona o un gruppo beneficia a spese di un&#8217;altra. L&#8217;oppressione \u00e8 l&#8217;uso del potere e gli effetti del dominio. Una persona appartenente a un gruppo non dominante pu\u00f2 sperimentare l&#8217;oppressione sotto forma di limitazioni, svantaggi o disapprovazione. Pu\u00f2 anche subire abusi da parte di individui, istituzioni o tradizioni culturali. &#8220;L&#8217;oppressione si riferisce a una combinazione di pregiudizi e potere istituzionale che crea un sistema che discrimina regolarmente e gravemente alcuni gruppi e avvantaggia altri gruppi.    <\/p>\n\n\n\n<p><em>*Sistema di oppressione: Molestie consapevoli e inconsapevoli, non casuali e organizzate, discriminazione, sfruttamento, pregiudizio e altre forme di trattamento iniquo, che colpiscono gruppi diversi.<\/em><\/p>\n\n\n\n<div class=\"wp-block-group is-vertical is-layout-flex wp-container-core-group-is-layout-8cf370e7 wp-block-group-is-layout-flex\">\n<p><strong>Risorse:<\/strong><\/p>\n\n\n\n<ul class=\"wp-block-list\">\n<li><strong><a href=\"https:\/\/nmaahc.si.edu\/learn\/talking-about-race\/topics\/social-identities-and-systems-oppression\" target=\"_blank\" rel=\"noreferrer noopener\"><\/a><a href=\"https:\/\/nmaahc.si.edu\/learn\/talking-about-race\/topics\/social-identities-and-systems-oppression\">Identit\u00e0 sociali e sistemi di oppressione &#8211; Museo nazionale di storia e cultura afroamericana<\/a> <\/strong><\/li>\n\n\n\n<li><strong><a href=\"https:\/\/www.workers.org\/lgbtq-oppression\/\" target=\"_blank\" rel=\"noreferrer noopener\"><\/a><a href=\"https:\/\/www.workers.org\/lgbtq-oppression\/\">Oppressione LGBTQ &#8211; WorkersOrg<\/a><\/strong><\/li>\n<\/ul>\n<\/div>\n\n\n\n<div style=\"height:30px\" aria-hidden=\"true\" class=\"wp-block-spacer\"><\/div>\n\n\n<a target=\"_self\" class=\"button small grey\" href=\"\/it\/prima-categoria-violenza-di-genere-e-violenza-sullidentita-femminile\/\">Indietro<\/a>\n","protected":false},"excerpt":{"rendered":"<p>\u00c8 il risultato dell&#8217;uso del potere istituzionale e del privilegio di cui una persona o un gruppo beneficia a spese di un&#8217;altra. L&#8217;oppressione \u00e8 l&#8217;uso del potere e gli effetti del dominio. Una persona appartenente a un gruppo non dominante pu\u00f2 sperimentare l&#8217;oppressione sotto forma di limitazioni, svantaggi o disapprovazione. Pu\u00f2 anche subire abusi da&#8230;<\/p>\n","protected":false},"author":6,"featured_media":0,"parent":0,"menu_order":0,"comment_status":"closed","ping_status":"closed","template":"t-team.php","meta":{"footnotes":""},"class_list":["post-3328","page","type-page","status-publish","hentry"],"jetpack_sharing_enabled":true,"jetpack-related-posts":[],"_links":{"self":[{"href":"https:\/\/ewisee.eu\/it\/wp-json\/wp\/v2\/pages\/3328","targetHints":{"allow":["GET"]}}],"collection":[{"href":"https:\/\/ewisee.eu\/it\/wp-json\/wp\/v2\/pages"}],"about":[{"href":"https:\/\/ewisee.eu\/it\/wp-json\/wp\/v2\/types\/page"}],"author":[{"embeddable":true,"href":"https:\/\/ewisee.eu\/it\/wp-json\/wp\/v2\/users\/6"}],"replies":[{"embeddable":true,"href":"https:\/\/ewisee.eu\/it\/wp-json\/wp\/v2\/comments?post=3328"}],"version-history":[{"count":4,"href":"https:\/\/ewisee.eu\/it\/wp-json\/wp\/v2\/pages\/3328\/revisions"}],"predecessor-version":[{"id":3332,"href":"https:\/\/ewisee.eu\/it\/wp-json\/wp\/v2\/pages\/3328\/revisions\/3332"}],"wp:attachment":[{"href":"https:\/\/ewisee.eu\/it\/wp-json\/wp\/v2\/media?parent=3328"}],"curies":[{"name":"wp","href":"https:\/\/api.w.org\/{rel}","templated":true}]}}