{"id":3334,"date":"2024-04-28T19:36:47","date_gmt":"2024-04-28T19:36:47","guid":{"rendered":"https:\/\/ewisee.eu\/discriminazione\/"},"modified":"2024-09-01T19:42:07","modified_gmt":"2024-09-01T19:42:07","slug":"discriminazione","status":"publish","type":"page","link":"https:\/\/ewisee.eu\/it\/discriminazione\/","title":{"rendered":"Discriminazione"},"content":{"rendered":"\n<p>La negazione della giustizia e dell&#8217;equo trattamento da parte di individui e istituzioni in molti settori, tra cui l&#8217;occupazione, l&#8217;istruzione, l&#8217;alloggio, le banche e i diritti politici. La discriminazione \u00e8 un&#8217;azione che pu\u00f2 seguire un pensiero pregiudizievole. Le autorit\u00e0 di molti Paesi che hanno firmato trattati internazionali, che li impegnano a proteggere i diritti umani, continuano ad attuare e introdurre leggi che individuano e discriminano gli individui in base al loro orientamento sessuale o alla loro identit\u00e0 ed espressione di genere. Nel mondo, molte donne e ragazze sono ancora vittime di discriminazioni basate sul sesso e sul genere. La disuguaglianza di genere \u00e8 alla base di molti problemi che colpiscono in modo sproporzionato donne e ragazze, come la violenza domestica e sessuale, le retribuzioni pi\u00f9 basse, la mancanza di accesso all&#8217;istruzione e l&#8217;inadeguatezza dell&#8217;assistenza sanitaria.    <\/p>\n\n\n\n<div class=\"wp-block-group is-vertical is-layout-flex wp-container-core-group-is-layout-8cf370e7 wp-block-group-is-layout-flex\">\n<p><strong>Risorse<\/strong>:<\/p>\n\n\n\n<ul class=\"wp-block-list\">\n<li><strong><a href=\"https:\/\/amnesty.org\/en\/what-we-do\/discrimination\/lgbti-rights\/#discriminationagainstlgbtipeople\" target=\"_blank\" rel=\"noreferrer noopener\"><\/a><a href=\"https:\/\/amnesty.org\/en\/what-we-do\/discrimination\/lgbti-rights\/#discriminationagainstlgbtipeople\">Discriminazione contro le persone LGBTIQA+ &#8211; AmnestyOrg<\/a>  <\/strong><\/li>\n\n\n\n<li><strong><a href=\"https:\/\/www.amnesty.org\/en\/what-we-do\/discrimination\/womens-rights\/\" target=\"_blank\" rel=\"noreferrer noopener\"><\/a><a href=\"https:\/\/www.amnesty.org\/en\/what-we-do\/discrimination\/womens-rights\/\">Discriminazioni contro le donne &#8211; AmnestyOrg<\/a><\/strong><\/li>\n<\/ul>\n<\/div>\n\n\n\n<div style=\"height:30px\" aria-hidden=\"true\" class=\"wp-block-spacer\"><\/div>\n\n\n<a target=\"_self\" class=\"button small grey\" href=\"\/it\/prima-categoria-violenza-di-genere-e-violenza-sullidentita-femminile\/\">Indietro<\/a>\n","protected":false},"excerpt":{"rendered":"<p>La negazione della giustizia e dell&#8217;equo trattamento da parte di individui e istituzioni in molti settori, tra cui l&#8217;occupazione, l&#8217;istruzione, l&#8217;alloggio, le banche e i diritti politici. La discriminazione \u00e8 un&#8217;azione che pu\u00f2 seguire un pensiero pregiudizievole. Le autorit\u00e0 di molti Paesi che hanno firmato trattati internazionali, che li impegnano a proteggere i diritti umani,&#8230;<\/p>\n","protected":false},"author":6,"featured_media":0,"parent":0,"menu_order":0,"comment_status":"closed","ping_status":"closed","template":"t-team.php","meta":{"footnotes":""},"class_list":["post-3334","page","type-page","status-publish","hentry"],"jetpack_sharing_enabled":true,"jetpack-related-posts":[],"_links":{"self":[{"href":"https:\/\/ewisee.eu\/it\/wp-json\/wp\/v2\/pages\/3334","targetHints":{"allow":["GET"]}}],"collection":[{"href":"https:\/\/ewisee.eu\/it\/wp-json\/wp\/v2\/pages"}],"about":[{"href":"https:\/\/ewisee.eu\/it\/wp-json\/wp\/v2\/types\/page"}],"author":[{"embeddable":true,"href":"https:\/\/ewisee.eu\/it\/wp-json\/wp\/v2\/users\/6"}],"replies":[{"embeddable":true,"href":"https:\/\/ewisee.eu\/it\/wp-json\/wp\/v2\/comments?post=3334"}],"version-history":[{"count":4,"href":"https:\/\/ewisee.eu\/it\/wp-json\/wp\/v2\/pages\/3334\/revisions"}],"predecessor-version":[{"id":3338,"href":"https:\/\/ewisee.eu\/it\/wp-json\/wp\/v2\/pages\/3334\/revisions\/3338"}],"wp:attachment":[{"href":"https:\/\/ewisee.eu\/it\/wp-json\/wp\/v2\/media?parent=3334"}],"curies":[{"name":"wp","href":"https:\/\/api.w.org\/{rel}","templated":true}]}}