{"id":3355,"date":"2024-04-28T19:57:20","date_gmt":"2024-04-28T19:57:20","guid":{"rendered":"https:\/\/ewisee.eu\/misoginia-misoginia-interiorizzata\/"},"modified":"2024-09-01T20:15:33","modified_gmt":"2024-09-01T20:15:33","slug":"misoginia-misoginia-interiorizzata","status":"publish","type":"page","link":"https:\/\/ewisee.eu\/it\/misoginia-misoginia-interiorizzata\/","title":{"rendered":"Misoginia \/ Misoginia Interiorizzata"},"content":{"rendered":"\n<p>Misoginia, odio o pregiudizio nei confronti delle donne, tipicamente esibito dagli uomini. \u00c8 generalmente riconosciuto che la misoginia \u00e8 una conseguenza del patriarcato (societ\u00e0 dominata dagli uomini) e il termine pu\u00f2 essere applicato a individui specifici cos\u00ec come a sistemi, societ\u00e0 o culture pi\u00f9 ampie. Le donne che sperimentano la <span style=\"text-decoration: underline;\">misoginia interiorizzata<\/span> possono esprimerla minimizzando il valore delle donne, diffidando delle donne e mostrando pregiudizi di genere a favore degli uomini.  <\/p>\n\n\n\n<div class=\"wp-block-group is-vertical is-layout-flex wp-container-core-group-is-layout-8cf370e7 wp-block-group-is-layout-flex\">\n<p><strong>Risorse<\/strong>:<\/p>\n\n\n\n<ul class=\"wp-block-list\">\n<li><a href=\"https:\/\/www.britannica.com\/topic\/misogyny\" target=\"_blank\" rel=\"noreferrer noopener\"><strong>Misoginia &#8211; Britannica<\/strong><\/a><\/li>\n\n\n\n<li><a href=\"https:\/\/youtu.be\/yMXKIAd1MtA?feature=shared\" target=\"_blank\" rel=\"noreferrer noopener\"><strong>Dobbiamo parlare ai ragazzi della misoginia online | Ben Hurst  Jamie Windust | TEDxLondonWomen<\/strong><\/a><\/li>\n<\/ul>\n<\/div>\n\n\n\n<div style=\"height:30px\" aria-hidden=\"true\" class=\"wp-block-spacer\"><\/div>\n\n\n<a target=\"_self\" class=\"button small grey\" href=\"\/it\/prima-categoria-violenza-di-genere-e-violenza-sullidentita-femminile\/\">Indietro<\/a>\n","protected":false},"excerpt":{"rendered":"<p>Misoginia, odio o pregiudizio nei confronti delle donne, tipicamente esibito dagli uomini. \u00c8 generalmente riconosciuto che la misoginia \u00e8 una conseguenza del patriarcato (societ\u00e0 dominata dagli uomini) e il termine pu\u00f2 essere applicato a individui specifici cos\u00ec come a sistemi, societ\u00e0 o culture pi\u00f9 ampie. Le donne che sperimentano la misoginia interiorizzata possono esprimerla minimizzando&#8230;<\/p>\n","protected":false},"author":6,"featured_media":0,"parent":0,"menu_order":0,"comment_status":"closed","ping_status":"closed","template":"t-team.php","meta":{"footnotes":""},"class_list":["post-3355","page","type-page","status-publish","hentry"],"jetpack_sharing_enabled":true,"jetpack-related-posts":[],"_links":{"self":[{"href":"https:\/\/ewisee.eu\/it\/wp-json\/wp\/v2\/pages\/3355","targetHints":{"allow":["GET"]}}],"collection":[{"href":"https:\/\/ewisee.eu\/it\/wp-json\/wp\/v2\/pages"}],"about":[{"href":"https:\/\/ewisee.eu\/it\/wp-json\/wp\/v2\/types\/page"}],"author":[{"embeddable":true,"href":"https:\/\/ewisee.eu\/it\/wp-json\/wp\/v2\/users\/6"}],"replies":[{"embeddable":true,"href":"https:\/\/ewisee.eu\/it\/wp-json\/wp\/v2\/comments?post=3355"}],"version-history":[{"count":4,"href":"https:\/\/ewisee.eu\/it\/wp-json\/wp\/v2\/pages\/3355\/revisions"}],"predecessor-version":[{"id":3359,"href":"https:\/\/ewisee.eu\/it\/wp-json\/wp\/v2\/pages\/3355\/revisions\/3359"}],"wp:attachment":[{"href":"https:\/\/ewisee.eu\/it\/wp-json\/wp\/v2\/media?parent=3355"}],"curies":[{"name":"wp","href":"https:\/\/api.w.org\/{rel}","templated":true}]}}