{"id":3379,"date":"2024-04-29T19:29:36","date_gmt":"2024-04-29T19:29:36","guid":{"rendered":"https:\/\/ewisee.eu\/eteronormativo-eterosessismo\/"},"modified":"2024-09-01T20:43:52","modified_gmt":"2024-09-01T20:43:52","slug":"eteronormativo-eterosessismo","status":"publish","type":"page","link":"https:\/\/ewisee.eu\/it\/eteronormativo-eterosessismo\/","title":{"rendered":"Eteronormativo \/ Eterosessismo"},"content":{"rendered":"\n<p><span style=\"text-decoration: underline;\">Eteronormativo<\/span>: L&#8217;idea che essere eterosessuali (etero) sia normale e che non esserlo sia anormale. Questa norma sociale (definita anche eteronormativit\u00e0) esercita una pressione estrema sulle persone e sulla cultura affinch\u00e9 siano etero. Se le persone si allontanano da questa aspettativa, vengono ignorate, messe in discussione o, peggio, punite.  <\/p>\n\n\n\n<p><span style=\"text-decoration: underline;\">Etero-sessismo<\/span>: la presunzione che tutti siano e debbano essere eterosessuali.<\/p>\n\n\n\n<p><em>&#8220;Si d\u00e0 per scontato che si \u00e8 etero di default. Che il sesso si faccia solo nel modo &#8220;tradizionale&#8221; e riproduttivo. Poich\u00e9 \u00e8 da qui che proviene questo pensiero, ha senso che alcune persone si confondano e associno la sessualit\u00e0 al sesso, poich\u00e9 si tratta di due termini completamente diversi&#8221;.<\/em><\/p>\n\n\n\n<div class=\"wp-block-group is-vertical is-layout-flex wp-container-core-group-is-layout-8cf370e7 wp-block-group-is-layout-flex\">\n<p><strong>Risorse:<\/strong><\/p>\n\n\n\n<ul class=\"wp-block-list\">\n<li><a href=\"https:\/\/youtu.be\/uId0TIJPjhw?feature=shared\" target=\"_blank\" rel=\"noreferrer noopener\"><strong>Deafening Silence of Growing up Gay in a Heteronormative Society | Ross Rossouw | TEDxYouth@KCISLK<\/strong><\/a><\/li>\n\n\n\n<li><strong><a href=\"https:\/\/youtu.be\/8Aoi30LLBg8?feature=shared\" target=\"_blank\" rel=\"noreferrer noopener\"><\/a><a href=\"https:\/\/youtu.be\/8Aoi30LLBg8?feature=shared\">Le pressioni dell&#8217;eteronormativit\u00e0 sulla salute mentale | Gianluca Bacilliere | TEDxHECParis<\/a>  <\/strong><\/li>\n\n\n\n<li><a href=\"https:\/\/youtu.be\/bhPSMRPlbSw?feature=shared\" target=\"_blank\" rel=\"noreferrer noopener\"><strong>Eteronormativit\u00e0 &#8211; L&#8217;omofobia di oggi | Eli Weinger | TEDxYouth@SRDS<\/strong><\/a><\/li>\n<\/ul>\n<\/div>\n\n\n\n<div style=\"height:30px\" aria-hidden=\"true\" class=\"wp-block-spacer\"><\/div>\n\n\n<a target=\"_self\" class=\"button small grey\" href=\"\/it\/seconda-categoria-discriminazione-e-comportamenti-abusivi-nei-confronti-delle-persone-in-base-alla-loro-identita-sessuale-e-di-genere\/\">Indietro<\/a>\n","protected":false},"excerpt":{"rendered":"<p>Eteronormativo: L&#8217;idea che essere eterosessuali (etero) sia normale e che non esserlo sia anormale. Questa norma sociale (definita anche eteronormativit\u00e0) esercita una pressione estrema sulle persone e sulla cultura affinch\u00e9 siano etero. Se le persone si allontanano da questa aspettativa, vengono ignorate, messe in discussione o, peggio, punite. Etero-sessismo: la presunzione che tutti siano e&#8230;<\/p>\n","protected":false},"author":6,"featured_media":0,"parent":0,"menu_order":0,"comment_status":"closed","ping_status":"closed","template":"t-team.php","meta":{"footnotes":""},"class_list":["post-3379","page","type-page","status-publish","hentry"],"jetpack_sharing_enabled":true,"jetpack-related-posts":[],"_links":{"self":[{"href":"https:\/\/ewisee.eu\/it\/wp-json\/wp\/v2\/pages\/3379","targetHints":{"allow":["GET"]}}],"collection":[{"href":"https:\/\/ewisee.eu\/it\/wp-json\/wp\/v2\/pages"}],"about":[{"href":"https:\/\/ewisee.eu\/it\/wp-json\/wp\/v2\/types\/page"}],"author":[{"embeddable":true,"href":"https:\/\/ewisee.eu\/it\/wp-json\/wp\/v2\/users\/6"}],"replies":[{"embeddable":true,"href":"https:\/\/ewisee.eu\/it\/wp-json\/wp\/v2\/comments?post=3379"}],"version-history":[{"count":4,"href":"https:\/\/ewisee.eu\/it\/wp-json\/wp\/v2\/pages\/3379\/revisions"}],"predecessor-version":[{"id":3383,"href":"https:\/\/ewisee.eu\/it\/wp-json\/wp\/v2\/pages\/3379\/revisions\/3383"}],"wp:attachment":[{"href":"https:\/\/ewisee.eu\/it\/wp-json\/wp\/v2\/media?parent=3379"}],"curies":[{"name":"wp","href":"https:\/\/api.w.org\/{rel}","templated":true}]}}