{"id":3385,"date":"2024-04-29T19:33:24","date_gmt":"2024-04-29T19:33:24","guid":{"rendered":"https:\/\/ewisee.eu\/cis-normalita-cis-sessismo\/"},"modified":"2024-09-01T20:51:45","modified_gmt":"2024-09-01T20:51:45","slug":"cis-normalita-cis-sessismo","status":"publish","type":"page","link":"https:\/\/ewisee.eu\/it\/cis-normalita-cis-sessismo\/","title":{"rendered":"Cis-Normality \/ Cis-Sexism"},"content":{"rendered":"\n<p>(Dal termine <em>cisgender<\/em>, che indica la <em>persona la cui identit\u00e0 di genere \u00e8 allineata e compatibile con il proprio sesso biologico o sesso assegnato alla nascita)<\/em>. <\/p>\n\n\n\n<p>I termini <span style=\"text-decoration: underline;\">cis-normalit\u00e0 e cisnormativo<\/span> includono l&#8217;assunto che le persone siano uomini o donne in base alle loro parti del corpo e che tutti siano cisgender. Questa norma sociale (definita anche cis-normativit\u00e0) \u00e8 l&#8217;idea che l&#8217;essere cis-gender sia superiore all&#8217;essere transgender, non-binary o gender non-conforming. Analogamente all&#8217;eteronormativit\u00e0, la cisnormativit\u00e0 esercita una pressione estrema sulle persone affinch\u00e9 siano cis-gender.   <\/p>\n\n\n\n<p><span style=\"text-decoration: underline;\">Cis-sessismo<\/span>: Presupposto basato sull&#8217;oppressione in base al quale le identit\u00e0 e le espressioni sessuali transgender sono meno legittime di quelle cis-gender.<\/p>\n\n\n\n<div class=\"wp-block-group is-vertical is-layout-flex wp-container-core-group-is-layout-8cf370e7 wp-block-group-is-layout-flex\">\n<p><strong>Risorse:<\/strong><\/p>\n\n\n\n<ul class=\"wp-block-list\">\n<li><strong><a href=\"https:\/\/www.youtube.com\/watch?v=664CZUayRdk&amp;pp=ygUMY2lzbm9ybWFsaXR5\" target=\"_blank\" rel=\"noreferrer noopener\"><\/a><a href=\"https:\/\/www.youtube.com\/watch?v=664CZUayRdk&amp;pp=ygUMY2lzbm9ybWFsaXR5\">Eteronormativit\u00e0 e cisnormativit\u00e0: Totalmente problematico<\/a><\/strong><\/li>\n\n\n\n<li><strong><a href=\"https:\/\/www.ncbi.nlm.nih.gov\/pmc\/articles\/PMC9704602\/#:~:text=Cisnormativity%20is%20the%20assumption%20that,assumed%20that%20everyone%20is%20heterosexual\" target=\"_blank\" rel=\"noreferrer noopener\"><\/a><a href=\"https:\/\/www.ncbi.nlm.nih.gov\/pmc\/articles\/PMC9704602\/#:~:text=Cisnormativity%20is%20the%20assumption%20that,assumed%20that%20everyone%20is%20heterosexual\">La cisnormativit\u00e0 come barriera strutturale ai test per le IST per le persone trans maschili, bi-spirituali e non binarie che sono gay, bisessuali o hanno rapporti sessuali con uomini.<\/a><\/strong><\/li>\n\n\n\n<li><strong><a href=\"https:\/\/www.lgbtqprimaryhub.com\/heteronormativity-cisnormativity\" target=\"_blank\" rel=\"noreferrer noopener\"><\/a><a href=\"https:\/\/www.lgbtqprimaryhub.com\/heteronormativity-cisnormativity\">Eteronormativit\u00e0 e cisnormativit\u00e0 &#8211; lgbtqprimaryhub<\/a><\/strong><\/li>\n<\/ul>\n<\/div>\n\n\n\n<div style=\"height:30px\" aria-hidden=\"true\" class=\"wp-block-spacer\"><\/div>\n\n\n<a target=\"_self\" class=\"button small grey\" href=\"\/it\/seconda-categoria-discriminazione-e-comportamenti-abusivi-nei-confronti-delle-persone-in-base-alla-loro-identita-sessuale-e-di-genere\/\">Indietro<\/a>\n","protected":false},"excerpt":{"rendered":"<p>(Dal termine cisgender, che indica la persona la cui identit\u00e0 di genere \u00e8 allineata e compatibile con il proprio sesso biologico o sesso assegnato alla nascita). I termini cis-normalit\u00e0 e cisnormativo includono l&#8217;assunto che le persone siano uomini o donne in base alle loro parti del corpo e che tutti siano cisgender. Questa norma sociale&#8230;<\/p>\n","protected":false},"author":6,"featured_media":0,"parent":0,"menu_order":0,"comment_status":"closed","ping_status":"closed","template":"t-team.php","meta":{"footnotes":""},"class_list":["post-3385","page","type-page","status-publish","hentry"],"jetpack_sharing_enabled":true,"jetpack-related-posts":[],"_links":{"self":[{"href":"https:\/\/ewisee.eu\/it\/wp-json\/wp\/v2\/pages\/3385","targetHints":{"allow":["GET"]}}],"collection":[{"href":"https:\/\/ewisee.eu\/it\/wp-json\/wp\/v2\/pages"}],"about":[{"href":"https:\/\/ewisee.eu\/it\/wp-json\/wp\/v2\/types\/page"}],"author":[{"embeddable":true,"href":"https:\/\/ewisee.eu\/it\/wp-json\/wp\/v2\/users\/6"}],"replies":[{"embeddable":true,"href":"https:\/\/ewisee.eu\/it\/wp-json\/wp\/v2\/comments?post=3385"}],"version-history":[{"count":4,"href":"https:\/\/ewisee.eu\/it\/wp-json\/wp\/v2\/pages\/3385\/revisions"}],"predecessor-version":[{"id":3389,"href":"https:\/\/ewisee.eu\/it\/wp-json\/wp\/v2\/pages\/3385\/revisions\/3389"}],"wp:attachment":[{"href":"https:\/\/ewisee.eu\/it\/wp-json\/wp\/v2\/media?parent=3385"}],"curies":[{"name":"wp","href":"https:\/\/api.w.org\/{rel}","templated":true}]}}