{"id":3391,"date":"2024-04-29T19:35:01","date_gmt":"2024-04-29T19:35:01","guid":{"rendered":"https:\/\/ewisee.eu\/misgender\/"},"modified":"2024-09-01T20:56:48","modified_gmt":"2024-09-01T20:56:48","slug":"misgender","status":"publish","type":"page","link":"https:\/\/ewisee.eu\/it\/misgender\/","title":{"rendered":"Misgender"},"content":{"rendered":"\n<p>Fare un&#8217;ipotesi errata sul genere di qualcuno (ad esempio, usare pronomi che non si usano o fare un&#8217;affermazione che richiama il suo genere in modo errato) \u00e8 un&#8217;azione da contrastare e rifiutare.<\/p>\n\n\n\n<div class=\"wp-block-group is-vertical is-layout-flex wp-container-core-group-is-layout-8cf370e7 wp-block-group-is-layout-flex\">\n<p><strong>Risorse:<\/strong><\/p>\n\n\n\n<ul class=\"wp-block-list\">\n<li><strong><a href=\"https:\/\/www.health.harvard.edu\/blog\/misgendering-what-it-is-and-why-it-matters-202107232553\" target=\"_blank\" rel=\"noreferrer noopener\"><g id=\"gid_0\">Misgendering: Cos&#8217;\u00e8 e perch\u00e9 \u00e8 importante? &#8211; Harvard Health <\/g> <\/a><\/strong><\/li>\n<\/ul>\n<\/div>\n\n\n\n<div style=\"height:30px\" aria-hidden=\"true\" class=\"wp-block-spacer\"><\/div>\n\n\n<a target=\"_self\" class=\"button small grey\" href=\"\/it\/seconda-categoria-discriminazione-e-comportamenti-abusivi-nei-confronti-delle-persone-in-base-alla-loro-identita-sessuale-e-di-genere\/\">Indietro<\/a>\n","protected":false},"excerpt":{"rendered":"<p>Fare un&#8217;ipotesi errata sul genere di qualcuno (ad esempio, usare pronomi che non si usano o fare un&#8217;affermazione che richiama il suo genere in modo errato) \u00e8 un&#8217;azione da contrastare e rifiutare. Risorse:<\/p>\n","protected":false},"author":6,"featured_media":0,"parent":0,"menu_order":0,"comment_status":"closed","ping_status":"closed","template":"t-team.php","meta":{"footnotes":""},"class_list":["post-3391","page","type-page","status-publish","hentry"],"jetpack_sharing_enabled":true,"jetpack-related-posts":[],"_links":{"self":[{"href":"https:\/\/ewisee.eu\/it\/wp-json\/wp\/v2\/pages\/3391","targetHints":{"allow":["GET"]}}],"collection":[{"href":"https:\/\/ewisee.eu\/it\/wp-json\/wp\/v2\/pages"}],"about":[{"href":"https:\/\/ewisee.eu\/it\/wp-json\/wp\/v2\/types\/page"}],"author":[{"embeddable":true,"href":"https:\/\/ewisee.eu\/it\/wp-json\/wp\/v2\/users\/6"}],"replies":[{"embeddable":true,"href":"https:\/\/ewisee.eu\/it\/wp-json\/wp\/v2\/comments?post=3391"}],"version-history":[{"count":4,"href":"https:\/\/ewisee.eu\/it\/wp-json\/wp\/v2\/pages\/3391\/revisions"}],"predecessor-version":[{"id":3395,"href":"https:\/\/ewisee.eu\/it\/wp-json\/wp\/v2\/pages\/3391\/revisions\/3395"}],"wp:attachment":[{"href":"https:\/\/ewisee.eu\/it\/wp-json\/wp\/v2\/media?parent=3391"}],"curies":[{"name":"wp","href":"https:\/\/api.w.org\/{rel}","templated":true}]}}