{"id":3397,"date":"2024-04-29T19:36:31","date_gmt":"2024-04-29T19:36:31","guid":{"rendered":"https:\/\/ewisee.eu\/gita-fuori-porta\/"},"modified":"2024-09-01T22:22:31","modified_gmt":"2024-09-01T22:22:31","slug":"outing","status":"publish","type":"page","link":"https:\/\/ewisee.eu\/it\/outing\/","title":{"rendered":"Outing"},"content":{"rendered":"\n<p>Si parla di &#8220;outing&#8221; quando qualcuno rivela l&#8217;orientamento sessuale o l&#8217;identit\u00e0 di genere di una persona LGBTQ+ senza il suo consenso. L&#8217;outing crea problemi di privacy, scelta e danno. Inoltre, a volte l&#8217;outing pu\u00f2 essere pubblicizzato. Per esempio, qualcuno pu\u00f2 fare outing su personaggi di spicco come politici famosi, atleti, attori, cantanti e altri ancora. Coloro che si oppongono ai diritti delle persone LGBTQ+ hanno usato l&#8217;outing in questo modo come una tattica politica controversa. Per evitare di essere scoperto, un personaggio pubblico LGBTQ+ pu\u00f2 sentirsi costretto a fare coming out pubblicamente per primo.      <\/p>\n\n\n\n<p>L&#8217;outing \u00e8 un atto dannoso che pu\u00f2 traumatizzare la persona che lo subisce. Pu\u00f2 anche portare qualcuno a subire violenze o a mettersi in situazioni pericolose. Anche se i rischi non sono gravi, \u00e8 comunque inaccettabile condividere l&#8217;identit\u00e0 di qualcuno senza il suo consenso. In alcuni casi l&#8217;outing pu\u00f2 anche essere illegale. Ad esempio, se una scuola comunica un outing di uno studente ai genitori, a chi si prende cura di lui o alla sua famiglia.    <\/p>\n\n\n\n<div class=\"wp-block-group is-vertical is-layout-flex wp-container-core-group-is-layout-8cf370e7 wp-block-group-is-layout-flex\">\n<p><strong>Risorse:<\/strong><\/p>\n\n\n\n<ul class=\"wp-block-list\">\n<li><a href=\"https:\/\/www.lgbtqandall.com\/what-is-outing-and-why-is-it-harmful\/\" target=\"_blank\" rel=\"noreferrer noopener\"><strong>Cos&#8217;\u00e8 l&#8217;outing e perch\u00e9 \u00e8 dannoso?<\/strong><\/a><\/li>\n<\/ul>\n<\/div>\n\n\n\n<div style=\"height:30px\" aria-hidden=\"true\" class=\"wp-block-spacer\"><\/div>\n\n\n<a target=\"_self\" class=\"button small grey\" href=\"\/it\/seconda-categoria-discriminazione-e-comportamenti-abusivi-nei-confronti-delle-persone-in-base-alla-loro-identita-sessuale-e-di-genere\/\">Indietro<\/a>\n","protected":false},"excerpt":{"rendered":"<p>Si parla di &#8220;outing&#8221; quando qualcuno rivela l&#8217;orientamento sessuale o l&#8217;identit\u00e0 di genere di una persona LGBTQ+ senza il suo consenso. L&#8217;outing crea problemi di privacy, scelta e danno. Inoltre, a volte l&#8217;outing pu\u00f2 essere pubblicizzato. Per esempio, qualcuno pu\u00f2 fare outing su personaggi di spicco come politici famosi, atleti, attori, cantanti e altri ancora&#8230;.<\/p>\n","protected":false},"author":6,"featured_media":0,"parent":0,"menu_order":0,"comment_status":"closed","ping_status":"closed","template":"t-team.php","meta":{"footnotes":""},"class_list":["post-3397","page","type-page","status-publish","hentry"],"jetpack_sharing_enabled":true,"jetpack-related-posts":[],"_links":{"self":[{"href":"https:\/\/ewisee.eu\/it\/wp-json\/wp\/v2\/pages\/3397","targetHints":{"allow":["GET"]}}],"collection":[{"href":"https:\/\/ewisee.eu\/it\/wp-json\/wp\/v2\/pages"}],"about":[{"href":"https:\/\/ewisee.eu\/it\/wp-json\/wp\/v2\/types\/page"}],"author":[{"embeddable":true,"href":"https:\/\/ewisee.eu\/it\/wp-json\/wp\/v2\/users\/6"}],"replies":[{"embeddable":true,"href":"https:\/\/ewisee.eu\/it\/wp-json\/wp\/v2\/comments?post=3397"}],"version-history":[{"count":4,"href":"https:\/\/ewisee.eu\/it\/wp-json\/wp\/v2\/pages\/3397\/revisions"}],"predecessor-version":[{"id":3401,"href":"https:\/\/ewisee.eu\/it\/wp-json\/wp\/v2\/pages\/3397\/revisions\/3401"}],"wp:attachment":[{"href":"https:\/\/ewisee.eu\/it\/wp-json\/wp\/v2\/media?parent=3397"}],"curies":[{"name":"wp","href":"https:\/\/api.w.org\/{rel}","templated":true}]}}