{"id":3510,"date":"2024-04-30T00:35:25","date_gmt":"2024-04-30T00:35:25","guid":{"rendered":"https:\/\/ewisee.eu\/diversita\/"},"modified":"2024-09-10T20:46:58","modified_gmt":"2024-09-10T20:46:58","slug":"diversita","status":"publish","type":"page","link":"https:\/\/ewisee.eu\/it\/diversita\/","title":{"rendered":"Diversit\u00e0"},"content":{"rendered":"\n<p>Si riferisce agli aspetti che le persone utilizzano per confermare se stesse e rispettare gli altri: &#8220;Quella persona \u00e8 diversa da me&#8221;. Questi elementi includono fattori come la razza, l&#8217;et\u00e0 e il sesso, oltre a valori e norme culturali. <\/p>\n\n<p><strong>Risorse:<\/strong><\/p>\n\n<ul class=\"wp-block-list\">\n<li><strong><a href=\"https:\/\/www.unhcr.org\/media\/age-gender-and-diversity-accountability-report-2022\" target=\"_blank\" rel=\"noreferrer noopener\">Impegno inclusivo, locale e responsabile &#8211; Rapporto sulla responsabilit\u00e0 per et\u00e0, genere e diversit\u00e0 2022 | UNHCR<\/a><\/strong><\/li>\n\n\n\n<li><strong><a href=\"https:\/\/hr.un.org\/page\/diversity-equity-and-inclusion\" target=\"_blank\" rel=\"noreferrer noopener\">UN | Diversit\u00e0, equit\u00e0 e inclusione<\/a><\/strong><\/li>\n<\/ul>\n\n<div style=\"height:30px\" aria-hidden=\"true\" class=\"wp-block-spacer\"><\/div>\n<a target=\"_self\" class=\"button small grey\" href=\"\/inclusive-education\/\">Back<\/a>\n","protected":false},"excerpt":{"rendered":"<p>Si riferisce agli aspetti che le persone utilizzano per confermare se stesse e rispettare gli altri: &#8220;Quella persona \u00e8 diversa da me&#8221;. Questi elementi includono fattori come la razza, l&#8217;et\u00e0 e il sesso, oltre a valori e norme culturali. Risorse:<\/p>\n","protected":false},"author":6,"featured_media":0,"parent":0,"menu_order":0,"comment_status":"closed","ping_status":"closed","template":"t-team.php","meta":{"footnotes":""},"class_list":["post-3510","page","type-page","status-publish","hentry"],"jetpack_sharing_enabled":true,"jetpack-related-posts":[],"_links":{"self":[{"href":"https:\/\/ewisee.eu\/it\/wp-json\/wp\/v2\/pages\/3510","targetHints":{"allow":["GET"]}}],"collection":[{"href":"https:\/\/ewisee.eu\/it\/wp-json\/wp\/v2\/pages"}],"about":[{"href":"https:\/\/ewisee.eu\/it\/wp-json\/wp\/v2\/types\/page"}],"author":[{"embeddable":true,"href":"https:\/\/ewisee.eu\/it\/wp-json\/wp\/v2\/users\/6"}],"replies":[{"embeddable":true,"href":"https:\/\/ewisee.eu\/it\/wp-json\/wp\/v2\/comments?post=3510"}],"version-history":[{"count":3,"href":"https:\/\/ewisee.eu\/it\/wp-json\/wp\/v2\/pages\/3510\/revisions"}],"predecessor-version":[{"id":4376,"href":"https:\/\/ewisee.eu\/it\/wp-json\/wp\/v2\/pages\/3510\/revisions\/4376"}],"wp:attachment":[{"href":"https:\/\/ewisee.eu\/it\/wp-json\/wp\/v2\/media?parent=3510"}],"curies":[{"name":"wp","href":"https:\/\/api.w.org\/{rel}","templated":true}]}}