{"id":3525,"date":"2024-04-30T00:41:56","date_gmt":"2024-04-30T00:41:56","guid":{"rendered":"https:\/\/ewisee.eu\/intersezionalita\/"},"modified":"2024-09-02T03:17:28","modified_gmt":"2024-09-02T03:17:28","slug":"intersezionalita","status":"publish","type":"page","link":"https:\/\/ewisee.eu\/it\/intersezionalita\/","title":{"rendered":"Intersezionalit\u00e0"},"content":{"rendered":"\n<p>L&#8217;intreccio di identit\u00e0 sociali come il genere, la razza, l&#8217;etnia, la classe sociale, la religione, l&#8217;orientamento sessuale e\/o l&#8217;identit\u00e0 di genere pu\u00f2 portare a esperienze, opportunit\u00e0 e barriere specifiche. Ogni persona ha caratteristiche multiple che, singolarmente o combinate, possono portare a risultati negativi o positivi nel modo in cui viene trattata. Per esempio, una ragazza rifugiata senza documenti e con disabilit\u00e0 pu\u00f2 subire discriminazioni a causa del suo status legale, della sua et\u00e0, del suo sesso o della sua disabilit\u00e0 indipendentemente o a causa di una combinazione di questi fattori. A causa di queste caratteristiche, la ragazza avr\u00e0 anche caratteristiche e punti di forza unici.   <\/p>\n\n\n\n<p><strong>Risorse:<\/strong><\/p>\n\n\n\n<ul class=\"wp-block-list\">\n<li><strong><a href=\"https:\/\/www.unhcr.org\/age-gender-diversity\/\" target=\"_blank\" rel=\"noreferrer noopener\"><\/a><a href=\"https:\/\/www.unhcr.org\/age-gender-diversity\/\">Et\u00e0 &#8211; Genere &#8211; Diversit\u00e0 e intersezionalit\u00e0 &#8211; UNHCR<\/a>   <\/strong><\/li>\n\n\n\n<li><strong><a href=\"https:\/\/www.youtube.com\/watch?v=akOe5-UsQ2o&amp;pp=ygUVaW50ZXJzZWN0aW9uYWxpdHkgdm94\" target=\"_blank\" rel=\"noreferrer noopener\"><\/a><a href=\"https:\/\/www.youtube.com\/watch?v=akOe5-UsQ2o&amp;pp=ygUVaW50ZXJzZWN0aW9uYWxpdHkgdm94\">The urgency of intersectionality | Kimberl\u00e9 Crenshaw | TED<\/a> <\/strong><\/li>\n\n\n\n<li><a href=\"https:\/\/youtu.be\/gN2ecPsg4xo?feature=shared\" target=\"_blank\" rel=\"noreferrer noopener\"><strong>Intersezionalit\u00e0<\/strong><\/a><\/li>\n<\/ul>\n\n\n\n<div style=\"height:30px\" aria-hidden=\"true\" class=\"wp-block-spacer\"><\/div>\n\n\n<a target=\"_self\" class=\"button small grey\" href=\"\/it\/educazione-inclusiva\/\">Indietro<\/a>\n","protected":false},"excerpt":{"rendered":"<p>L&#8217;intreccio di identit\u00e0 sociali come il genere, la razza, l&#8217;etnia, la classe sociale, la religione, l&#8217;orientamento sessuale e\/o l&#8217;identit\u00e0 di genere pu\u00f2 portare a esperienze, opportunit\u00e0 e barriere specifiche. Ogni persona ha caratteristiche multiple che, singolarmente o combinate, possono portare a risultati negativi o positivi nel modo in cui viene trattata. Per esempio, una ragazza&#8230;<\/p>\n","protected":false},"author":6,"featured_media":0,"parent":0,"menu_order":0,"comment_status":"closed","ping_status":"closed","template":"t-team.php","meta":{"footnotes":""},"class_list":["post-3525","page","type-page","status-publish","hentry"],"jetpack_sharing_enabled":true,"jetpack-related-posts":[],"_links":{"self":[{"href":"https:\/\/ewisee.eu\/it\/wp-json\/wp\/v2\/pages\/3525","targetHints":{"allow":["GET"]}}],"collection":[{"href":"https:\/\/ewisee.eu\/it\/wp-json\/wp\/v2\/pages"}],"about":[{"href":"https:\/\/ewisee.eu\/it\/wp-json\/wp\/v2\/types\/page"}],"author":[{"embeddable":true,"href":"https:\/\/ewisee.eu\/it\/wp-json\/wp\/v2\/users\/6"}],"replies":[{"embeddable":true,"href":"https:\/\/ewisee.eu\/it\/wp-json\/wp\/v2\/comments?post=3525"}],"version-history":[{"count":2,"href":"https:\/\/ewisee.eu\/it\/wp-json\/wp\/v2\/pages\/3525\/revisions"}],"predecessor-version":[{"id":3527,"href":"https:\/\/ewisee.eu\/it\/wp-json\/wp\/v2\/pages\/3525\/revisions\/3527"}],"wp:attachment":[{"href":"https:\/\/ewisee.eu\/it\/wp-json\/wp\/v2\/media?parent=3525"}],"curies":[{"name":"wp","href":"https:\/\/api.w.org\/{rel}","templated":true}]}}