{"id":3534,"date":"2024-04-30T00:49:28","date_gmt":"2024-04-30T00:49:28","guid":{"rendered":"https:\/\/ewisee.eu\/giustizia-sociale\/"},"modified":"2024-09-02T03:33:23","modified_gmt":"2024-09-02T03:33:23","slug":"giustizia-sociale","status":"publish","type":"page","link":"https:\/\/ewisee.eu\/it\/giustizia-sociale\/","title":{"rendered":"Giustizia Sociale"},"content":{"rendered":"\n<p>L&#8217;idea \u00e8 che tutti meritano di godere degli stessi diritti e opportunit\u00e0 economiche, politiche e sociali, a prescindere da razza, sesso, genere, identit\u00e0 di genere, status socio-economico, abilit\u00e0 o altre caratteristiche. L&#8217;obiettivo \u00e8 creare una societ\u00e0 giusta ed equa in cui ogni individuo sia importante, i suoi diritti siano riconosciuti e protetti e le decisioni siano prese in modo equo e onesto. <\/p>\n\n\n\n<p><strong>Risorse:<\/strong><\/p>\n\n\n\n<ul class=\"wp-block-list\">\n<li><strong><a href=\"https:\/\/www.unhcr.org\/media\/supporting-social-inclusion-refugees\" data-type=\"link\" data-id=\"https:\/\/www.unhcr.org\/media\/supporting-social-inclusion-refugees\" target=\"_blank\" rel=\"noreferrer noopener\"><\/a><a href=\"https:\/\/www.unhcr.org\/media\/supporting-social-inclusion-refugees\">Sostenere l&#8217;inclusione sociale dei rifugiati<\/a><\/strong><\/li>\n\n\n\n<li><strong><a href=\"https:\/\/commission.europa.eu\/strategy-and-policy\/policies\/justice-and-fundamental-rights\/combatting-discrimination\/lesbian-gay-bi-trans-and-intersex-equality\/lgbtiq-equality-strategy-2020-2025_en\" target=\"_blank\" rel=\"noreferrer noopener\"><\/a><a href=\"https:\/\/commission.europa.eu\/strategy-and-policy\/policies\/justice-and-fundamental-rights\/combatting-discrimination\/lesbian-gay-bi-trans-and-intersex-equality\/lgbtiq-equality-strategy-2020-2025_en\">Strategia per l&#8217;uguaglianza LGBTIQ 2020-2025 | Commissione Europea<\/a> <\/strong><\/li>\n\n\n\n<li><a href=\"https:\/\/www.youtube.com\/watch?v=O5uKJVDFHFw&amp;pp=ygUTc29jaWFsIGp1c3RpY2Uga2lkcw%3D%3D\" target=\"_blank\" rel=\"noreferrer noopener\"><strong>Cos&#8217;\u00e8 la disuguaglianza e la giustizia sociale? &#8211; BBC Bitesize Key Stage 3 Learning for Life &amp; Work <\/strong><\/a><\/li>\n\n\n\n<li><strong><a href=\"https:\/\/www.youtube.com\/watch?v=VOqdz9UN5mM&amp;pp=ygUXc29jaWFsIGp1c3RpY2UgY2hpbGRyZW4%3D\" target=\"_blank\" rel=\"noreferrer noopener\"><\/a><a href=\"https:\/\/www.youtube.com\/watch?v=VOqdz9UN5mM&amp;pp=ygUXc29jaWFsIGp1c3RpY2UgY2hpbGRyZW4%3D\">Migrante | Una storia di empatia e giustizia sociale<\/a><\/strong><\/li>\n\n\n\n<li><strong><a href=\"https:\/\/youtu.be\/fKC-mG16BHM?feature=shared\" target=\"_blank\" rel=\"noreferrer noopener\"><\/a><a href=\"https:\/\/youtu.be\/fKC-mG16BHM?feature=shared\">Social Justice: From kids to kids<\/a><\/strong><\/li>\n\n\n\n<li><strong><a href=\"https:\/\/soeonline.american.edu\/blog\/how-to-teach-social-justice-issues\/\" target=\"_blank\" rel=\"noreferrer noopener\"><\/a><a href=\"https:\/\/soeonline.american.edu\/blog\/how-to-teach-social-justice-issues\/\">4 modi per insegnare agli studenti le questioni di giustizia sociale<\/a><\/strong><\/li>\n<\/ul>\n\n\n\n<div style=\"height:30px\" aria-hidden=\"true\" class=\"wp-block-spacer\"><\/div>\n\n\n<a target=\"_self\" class=\"button small grey\" href=\"\/it\/educazione-inclusiva\/\">Indietro<\/a>\n","protected":false},"excerpt":{"rendered":"<p>L&#8217;idea \u00e8 che tutti meritano di godere degli stessi diritti e opportunit\u00e0 economiche, politiche e sociali, a prescindere da razza, sesso, genere, identit\u00e0 di genere, status socio-economico, abilit\u00e0 o altre caratteristiche. L&#8217;obiettivo \u00e8 creare una societ\u00e0 giusta ed equa in cui ogni individuo sia importante, i suoi diritti siano riconosciuti e protetti e le decisioni&#8230;<\/p>\n","protected":false},"author":6,"featured_media":0,"parent":0,"menu_order":0,"comment_status":"closed","ping_status":"closed","template":"t-team.php","meta":{"footnotes":""},"class_list":["post-3534","page","type-page","status-publish","hentry"],"jetpack_sharing_enabled":true,"jetpack-related-posts":[],"_links":{"self":[{"href":"https:\/\/ewisee.eu\/it\/wp-json\/wp\/v2\/pages\/3534","targetHints":{"allow":["GET"]}}],"collection":[{"href":"https:\/\/ewisee.eu\/it\/wp-json\/wp\/v2\/pages"}],"about":[{"href":"https:\/\/ewisee.eu\/it\/wp-json\/wp\/v2\/types\/page"}],"author":[{"embeddable":true,"href":"https:\/\/ewisee.eu\/it\/wp-json\/wp\/v2\/users\/6"}],"replies":[{"embeddable":true,"href":"https:\/\/ewisee.eu\/it\/wp-json\/wp\/v2\/comments?post=3534"}],"version-history":[{"count":3,"href":"https:\/\/ewisee.eu\/it\/wp-json\/wp\/v2\/pages\/3534\/revisions"}],"predecessor-version":[{"id":3537,"href":"https:\/\/ewisee.eu\/it\/wp-json\/wp\/v2\/pages\/3534\/revisions\/3537"}],"wp:attachment":[{"href":"https:\/\/ewisee.eu\/it\/wp-json\/wp\/v2\/media?parent=3534"}],"curies":[{"name":"wp","href":"https:\/\/api.w.org\/{rel}","templated":true}]}}