{"id":3572,"date":"2015-03-25T11:50:01","date_gmt":"2015-03-25T11:50:01","guid":{"rendered":"https:\/\/ewisee.eu\/blog-news\/"},"modified":"2024-09-02T04:33:43","modified_gmt":"2024-09-02T04:33:43","slug":"blog-news","status":"publish","type":"page","link":"https:\/\/ewisee.eu\/it\/blog-news\/","title":{"rendered":"Blog &amp; News"},"content":{"rendered":"\n<div class=\"wp-block-query is-layout-flow wp-block-query-is-layout-flow\"><\/div>\n\n<div class=\"wp-block-query is-layout-flow wp-block-query-is-layout-flow\"><ul class=\"wp-block-post-template is-layout-flow wp-block-post-template-is-layout-flow\"><li class=\"wp-block-post post-1269 post type-post status-publish format-standard has-post-thumbnail hentry category-blog-it category-notizie\">\n\n<div class=\"wp-block-columns are-vertically-aligned-center is-layout-flex wp-container-core-columns-is-layout-9d6595d7 wp-block-columns-is-layout-flex\">\n<div class=\"wp-block-column is-vertically-aligned-center is-layout-flow wp-block-column-is-layout-flow\" style=\"flex-basis:25%\"><figure class=\"wp-block-post-featured-image\"><a href=\"https:\/\/ewisee.eu\/it\/2024\/06\/18\/https-op-europa-eu-en-publication-detail-publication-5724b7d8-764f-11eb-9ac9-01aa75ed71a1-2-2-3-2\/\" target=\"_self\"  ><img loading=\"lazy\" decoding=\"async\" width=\"1080\" height=\"1080\" src=\"https:\/\/ewisee.eu\/wp-content\/uploads\/2024\/04\/Ewisee-Graphics-1.jpg\" class=\"attachment-post-thumbnail size-post-thumbnail wp-post-image\" alt=\"I Giovani Europei e l&#8217;Educazione alla Sessualit\u00e0 ed Affettivit\u00e0\" style=\"object-fit:cover;\" srcset=\"https:\/\/ewisee.eu\/wp-content\/uploads\/2024\/04\/Ewisee-Graphics-1.jpg 1080w, https:\/\/ewisee.eu\/wp-content\/uploads\/2024\/04\/Ewisee-Graphics-1-300x300.jpg 300w, https:\/\/ewisee.eu\/wp-content\/uploads\/2024\/04\/Ewisee-Graphics-1-1024x1024.jpg 1024w, https:\/\/ewisee.eu\/wp-content\/uploads\/2024\/04\/Ewisee-Graphics-1-150x150.jpg 150w, https:\/\/ewisee.eu\/wp-content\/uploads\/2024\/04\/Ewisee-Graphics-1-768x768.jpg 768w, https:\/\/ewisee.eu\/wp-content\/uploads\/2024\/04\/Ewisee-Graphics-1-110x110.jpg 110w, https:\/\/ewisee.eu\/wp-content\/uploads\/2024\/04\/Ewisee-Graphics-1-400x400.jpg 400w, https:\/\/ewisee.eu\/wp-content\/uploads\/2024\/04\/Ewisee-Graphics-1-270x270.jpg 270w, https:\/\/ewisee.eu\/wp-content\/uploads\/2024\/04\/Ewisee-Graphics-1-175x175.jpg 175w\" sizes=\"auto, (max-width: 1080px) 100vw, 1080px\" title=\"xr:d:DAF7WR4xqO8:172,j:5776291409553949213,t:24041422\" \/><\/a><\/figure><\/div>\n\n\n\n<div class=\"wp-block-column is-vertically-aligned-center is-layout-flow wp-block-column-is-layout-flow\" style=\"flex-basis:75%\"><h2 class=\"wp-block-post-title\"><a href=\"https:\/\/ewisee.eu\/it\/2024\/06\/18\/https-op-europa-eu-en-publication-detail-publication-5724b7d8-764f-11eb-9ac9-01aa75ed71a1-2-2-3-2\/\" target=\"_self\" >I Giovani Europei e l&#8217;Educazione alla Sessualit\u00e0 ed Affettivit\u00e0<\/a><\/h2><\/div>\n<\/div>\n\n<\/li><li class=\"wp-block-post post-1247 post type-post status-publish format-standard has-post-thumbnail hentry category-blog-it category-notizie\">\n\n<div class=\"wp-block-columns are-vertically-aligned-center is-layout-flex wp-container-core-columns-is-layout-9d6595d7 wp-block-columns-is-layout-flex\">\n<div class=\"wp-block-column is-vertically-aligned-center is-layout-flow wp-block-column-is-layout-flow\" style=\"flex-basis:25%\"><figure class=\"wp-block-post-featured-image\"><a href=\"https:\/\/ewisee.eu\/it\/2024\/05\/24\/https-op-europa-eu-en-publication-detail-publication-5724b7d8-764f-11eb-9ac9-01aa75ed71a1-2-2-3\/\" target=\"_self\"  ><img loading=\"lazy\" decoding=\"async\" width=\"1080\" height=\"1080\" src=\"https:\/\/ewisee.eu\/wp-content\/uploads\/2024\/04\/Ewisee-Graphics-1.jpg\" class=\"attachment-post-thumbnail size-post-thumbnail wp-post-image\" alt=\"Educazione All\u2019 Affettivit\u00e0 Ed Alla Sessualit\u00e0 Per Contrastare La Povert\u00e0 Educativa: L\u2019esperienza Del Progetto EWISEE.\" style=\"object-fit:cover;\" srcset=\"https:\/\/ewisee.eu\/wp-content\/uploads\/2024\/04\/Ewisee-Graphics-1.jpg 1080w, https:\/\/ewisee.eu\/wp-content\/uploads\/2024\/04\/Ewisee-Graphics-1-300x300.jpg 300w, https:\/\/ewisee.eu\/wp-content\/uploads\/2024\/04\/Ewisee-Graphics-1-1024x1024.jpg 1024w, https:\/\/ewisee.eu\/wp-content\/uploads\/2024\/04\/Ewisee-Graphics-1-150x150.jpg 150w, https:\/\/ewisee.eu\/wp-content\/uploads\/2024\/04\/Ewisee-Graphics-1-768x768.jpg 768w, https:\/\/ewisee.eu\/wp-content\/uploads\/2024\/04\/Ewisee-Graphics-1-110x110.jpg 110w, https:\/\/ewisee.eu\/wp-content\/uploads\/2024\/04\/Ewisee-Graphics-1-400x400.jpg 400w, https:\/\/ewisee.eu\/wp-content\/uploads\/2024\/04\/Ewisee-Graphics-1-270x270.jpg 270w, https:\/\/ewisee.eu\/wp-content\/uploads\/2024\/04\/Ewisee-Graphics-1-175x175.jpg 175w\" sizes=\"auto, (max-width: 1080px) 100vw, 1080px\" title=\"xr:d:DAF7WR4xqO8:172,j:5776291409553949213,t:24041422\" \/><\/a><\/figure><\/div>\n\n\n\n<div class=\"wp-block-column is-vertically-aligned-center is-layout-flow wp-block-column-is-layout-flow\" style=\"flex-basis:75%\"><h2 class=\"wp-block-post-title\"><a href=\"https:\/\/ewisee.eu\/it\/2024\/05\/24\/https-op-europa-eu-en-publication-detail-publication-5724b7d8-764f-11eb-9ac9-01aa75ed71a1-2-2-3\/\" target=\"_self\" >Educazione All\u2019 Affettivit\u00e0 Ed Alla Sessualit\u00e0 Per Contrastare La Povert\u00e0 Educativa: L\u2019esperienza Del Progetto EWISEE.<\/a><\/h2><\/div>\n<\/div>\n\n<\/li><li class=\"wp-block-post post-1227 post type-post status-publish format-standard has-post-thumbnail hentry category-blog-it category-notizie\">\n\n<div class=\"wp-block-columns are-vertically-aligned-center is-layout-flex wp-container-core-columns-is-layout-9d6595d7 wp-block-columns-is-layout-flex\">\n<div class=\"wp-block-column is-vertically-aligned-center is-layout-flow wp-block-column-is-layout-flow\" style=\"flex-basis:25%\"><figure class=\"wp-block-post-featured-image\"><a href=\"https:\/\/ewisee.eu\/it\/2024\/04\/23\/sesso-genere-e-identita\/\" target=\"_self\"  ><img loading=\"lazy\" decoding=\"async\" width=\"1080\" height=\"1080\" src=\"https:\/\/ewisee.eu\/wp-content\/uploads\/2024\/04\/Ewisee-Graphics.jpg\" class=\"attachment-post-thumbnail size-post-thumbnail wp-post-image\" alt=\"Sesso, genere ed identit\u00e0\" style=\"object-fit:cover;\" srcset=\"https:\/\/ewisee.eu\/wp-content\/uploads\/2024\/04\/Ewisee-Graphics.jpg 1080w, https:\/\/ewisee.eu\/wp-content\/uploads\/2024\/04\/Ewisee-Graphics-300x300.jpg 300w, https:\/\/ewisee.eu\/wp-content\/uploads\/2024\/04\/Ewisee-Graphics-1024x1024.jpg 1024w, https:\/\/ewisee.eu\/wp-content\/uploads\/2024\/04\/Ewisee-Graphics-150x150.jpg 150w, https:\/\/ewisee.eu\/wp-content\/uploads\/2024\/04\/Ewisee-Graphics-768x768.jpg 768w, https:\/\/ewisee.eu\/wp-content\/uploads\/2024\/04\/Ewisee-Graphics-110x110.jpg 110w, https:\/\/ewisee.eu\/wp-content\/uploads\/2024\/04\/Ewisee-Graphics-400x400.jpg 400w, https:\/\/ewisee.eu\/wp-content\/uploads\/2024\/04\/Ewisee-Graphics-270x270.jpg 270w, https:\/\/ewisee.eu\/wp-content\/uploads\/2024\/04\/Ewisee-Graphics-175x175.jpg 175w\" sizes=\"auto, (max-width: 1080px) 100vw, 1080px\" title=\"xr:d:DAF7WR4xqO8:170,j:7142007992926432124,t:24041421\" \/><\/a><\/figure><\/div>\n\n\n\n<div class=\"wp-block-column is-vertically-aligned-center is-layout-flow wp-block-column-is-layout-flow\" style=\"flex-basis:75%\"><h2 class=\"wp-block-post-title\"><a href=\"https:\/\/ewisee.eu\/it\/2024\/04\/23\/sesso-genere-e-identita\/\" target=\"_self\" >Sesso, genere ed identit\u00e0<\/a><\/h2><\/div>\n<\/div>\n\n<\/li><\/ul><\/div>\n","protected":false},"excerpt":{"rendered":"","protected":false},"author":1,"featured_media":0,"parent":0,"menu_order":-3,"comment_status":"closed","ping_status":"closed","template":"","meta":{"footnotes":""},"class_list":["post-3572","page","type-page","status-publish","hentry"],"jetpack_sharing_enabled":true,"jetpack-related-posts":[],"_links":{"self":[{"href":"https:\/\/ewisee.eu\/it\/wp-json\/wp\/v2\/pages\/3572","targetHints":{"allow":["GET"]}}],"collection":[{"href":"https:\/\/ewisee.eu\/it\/wp-json\/wp\/v2\/pages"}],"about":[{"href":"https:\/\/ewisee.eu\/it\/wp-json\/wp\/v2\/types\/page"}],"author":[{"embeddable":true,"href":"https:\/\/ewisee.eu\/it\/wp-json\/wp\/v2\/users\/1"}],"replies":[{"embeddable":true,"href":"https:\/\/ewisee.eu\/it\/wp-json\/wp\/v2\/comments?post=3572"}],"version-history":[{"count":2,"href":"https:\/\/ewisee.eu\/it\/wp-json\/wp\/v2\/pages\/3572\/revisions"}],"predecessor-version":[{"id":3574,"href":"https:\/\/ewisee.eu\/it\/wp-json\/wp\/v2\/pages\/3572\/revisions\/3574"}],"wp:attachment":[{"href":"https:\/\/ewisee.eu\/it\/wp-json\/wp\/v2\/media?parent=3572"}],"curies":[{"name":"wp","href":"https:\/\/api.w.org\/{rel}","templated":true}]}}